{"id":6089,"date":"2025-12-04T09:55:53","date_gmt":"2025-12-04T08:55:53","guid":{"rendered":"https:\/\/www.association-corecre.com\/?page_id=6089"},"modified":"2026-03-24T18:51:29","modified_gmt":"2026-03-24T17:51:29","slug":"espace-adherent","status":"publish","type":"page","link":"https:\/\/www.association-corecre.com\/index.php\/espace-adherent\/","title":{"rendered":"Replay des \u00e9v\u00e8nements"},"content":{"rendered":"<p>[et_pb_section fb_built=&#8221;1&#8243; _builder_version=&#8221;3.14&#8243; custom_padding=&#8221;2px|0px|4px|0px|false|false&#8221;][et_pb_row custom_padding=&#8221;27px|0px|14px|0px|false|false&#8221; _builder_version=&#8221;3.14&#8243;][et_pb_column type=&#8221;4_4&#8243; _builder_version=&#8221;3.14&#8243; parallax=&#8221;off&#8221; parallax_method=&#8221;on&#8221;][et_pb_text _builder_version=&#8221;3.14&#8243; inline_fonts=&#8221;Georgia&#8221;]<\/p>\n<h1 style=\"text-align: center;\"><span style=\"font-family: Georgia; font-size: x-large;\"><b>L&#8217;espace des adh\u00e9rents<\/b><\/span><\/h1>\n<p>[\/et_pb_text][\/et_pb_column][\/et_pb_row][\/et_pb_section][et_pb_section fb_built=&#8221;1&#8243; _builder_version=&#8221;3.14&#8243; custom_padding=&#8221;9px|0px|54px|0px|false|false&#8221;][et_pb_row _builder_version=&#8221;3.14&#8243;][et_pb_column type=&#8221;4_4&#8243; _builder_version=&#8221;3.14&#8243; parallax=&#8221;off&#8221; parallax_method=&#8221;on&#8221;][et_pb_text _builder_version=&#8221;3.14&#8243;]<\/p>\n<p style=\"text-align: center;\"><span style=\"font-size: large;\"><strong><span style=\"color: #7901ba;\">*****<\/span><\/strong><\/span><\/p>\n<p style=\"text-align: center;\"><span style=\"font-size: large;\"><strong><span style=\"color: #7901ba;\">Cet espace n&#8217;est accessible qu&#8217;aux adh\u00e9rents de l&#8217;association !\u00a0<\/span><\/strong><\/span><\/p>\n<p style=\"text-align: center;\"><span style=\"font-size: large;\"><strong><span style=\"color: #7901ba;\">*****<\/span><\/strong><\/span><\/p>\n<p style=\"text-align: left;\"><strong>-&gt; Si vous \u00eates adh\u00e9rents<\/strong>, veuillez vous connecter via le lien qui vous a \u00e9t\u00e9 envoy\u00e9 par mail.<\/p>\n<p style=\"text-align: left;\"><strong>-&gt; Si vous n&#8217;\u00eates pas encore adh\u00e9rents<\/strong>, n&#8217;h\u00e9sitez pas \u00e0 le devenir. Toutes les informations \u00e0 propos de l&#8217;adh\u00e9sion (int\u00e9r\u00eat \/ tarifs \/ billetterie &#8230;) sont disponibles ici : <a href=\"https:\/\/www.association-corecre.com\/index.php\/devenir-adherent\/\">Cliquez ici<\/a>.<\/p>\n<p style=\"text-align: left;\">-&gt; Pour toute autre demande, n&#8217;h\u00e9sitez pas \u00e0 nous contacter \u00e0 l&#8217;adresse not\u00e9e en bas de la page !<\/p>\n<p>[\/et_pb_text][\/et_pb_column][\/et_pb_row][et_pb_row _builder_version=&#8221;3.14&#8243;][et_pb_column type=&#8221;4_4&#8243; _builder_version=&#8221;3.14&#8243; parallax=&#8221;off&#8221; parallax_method=&#8221;on&#8221;][et_pb_divider color=&#8221;#000000&#8243; _builder_version=&#8221;3.14&#8243;][\/et_pb_divider][\/et_pb_column][\/et_pb_row][et_pb_row _builder_version=&#8221;3.14&#8243;][et_pb_column type=&#8221;1_2&#8243; _builder_version=&#8221;3.14&#8243; parallax=&#8221;off&#8221; parallax_method=&#8221;on&#8221;][et_pb_image src=&#8221;http:\/\/www.association-corecre.com\/wp-content\/uploads\/2025\/12\/ChatGPT-Image-4-dec.-2025-09_41_03.png&#8221; _builder_version=&#8221;3.14&#8243; max_width=&#8221;87%&#8221; module_alignment=&#8221;center&#8221;][\/et_pb_image][\/et_pb_column][et_pb_column type=&#8221;1_2&#8243; _builder_version=&#8221;3.14&#8243; parallax=&#8221;off&#8221; parallax_method=&#8221;on&#8221;][et_pb_image src=&#8221;http:\/\/www.association-corecre.com\/wp-content\/uploads\/2025\/12\/ChatGPT-Image-4-dec.-2025-09_45_57.png&#8221; _builder_version=&#8221;3.14&#8243; max_width=&#8221;85%&#8221;][\/et_pb_image][\/et_pb_column][\/et_pb_row][\/et_pb_section]<\/p>\n","protected":false},"excerpt":{"rendered":"<p>[et_pb_section fb_built=&#8221;1&#8243; _builder_version=&#8221;3.14&#8243; custom_padding=&#8221;2px|0px|4px|0px|false|false&#8221;][et_pb_row custom_padding=&#8221;27px|0px|14px|0px|false|false&#8221; _builder_version=&#8221;3.14&#8243;][et_pb_column type=&#8221;4_4&#8243; _builder_version=&#8221;3.14&#8243; parallax=&#8221;off&#8221; parallax_method=&#8221;on&#8221;][et_pb_text _builder_version=&#8221;3.14&#8243; inline_fonts=&#8221;Georgia&#8221;] L&#8217;espace des adh\u00e9rents [\/et_pb_text][\/et_pb_column][\/et_pb_row][\/et_pb_section][et_pb_section fb_built=&#8221;1&#8243; _builder_version=&#8221;3.14&#8243; custom_padding=&#8221;9px|0px|54px|0px|false|false&#8221;][et_pb_row _builder_version=&#8221;3.14&#8243;][et_pb_column type=&#8221;4_4&#8243; _builder_version=&#8221;3.14&#8243; parallax=&#8221;off&#8221; parallax_method=&#8221;on&#8221;][et_pb_text _builder_version=&#8221;3.14&#8243;] ***** Cet espace n&#8217;est accessible qu&#8217;aux adh\u00e9rents de l&#8217;association !\u00a0 ***** -&gt; Si vous \u00eates adh\u00e9rents, veuillez vous connecter via le lien qui vous a \u00e9t\u00e9 envoy\u00e9 par mail. -&gt; [&hellip;]<\/p>\n","protected":false},"author":1,"featured_media":0,"parent":0,"menu_order":0,"comment_status":"closed","ping_status":"closed","template":"","meta":{"_exactmetrics_skip_tracking":false,"_exactmetrics_sitenote_active":false,"_exactmetrics_sitenote_note":"","_exactmetrics_sitenote_category":0,"_monsterinsights_skip_tracking":false,"_monsterinsights_sitenote_active":false,"_monsterinsights_sitenote_note":"","_monsterinsights_sitenote_category":0,"footnotes":""},"categories":[],"tags":[],"class_list":["post-6089","page","type-page","status-publish","hentry"],"_links":{"self":[{"href":"https:\/\/www.association-corecre.com\/index.php\/wp-json\/wp\/v2\/pages\/6089","targetHints":{"allow":["GET"]}}],"collection":[{"href":"https:\/\/www.association-corecre.com\/index.php\/wp-json\/wp\/v2\/pages"}],"about":[{"href":"https:\/\/www.association-corecre.com\/index.php\/wp-json\/wp\/v2\/types\/page"}],"author":[{"embeddable":true,"href":"https:\/\/www.association-corecre.com\/index.php\/wp-json\/wp\/v2\/users\/1"}],"replies":[{"embeddable":true,"href":"https:\/\/www.association-corecre.com\/index.php\/wp-json\/wp\/v2\/comments?post=6089"}],"version-history":[{"count":17,"href":"https:\/\/www.association-corecre.com\/index.php\/wp-json\/wp\/v2\/pages\/6089\/revisions"}],"predecessor-version":[{"id":6288,"href":"https:\/\/www.association-corecre.com\/index.php\/wp-json\/wp\/v2\/pages\/6089\/revisions\/6288"}],"wp:attachment":[{"href":"https:\/\/www.association-corecre.com\/index.php\/wp-json\/wp\/v2\/media?parent=6089"}],"wp:term":[{"taxonomy":"category","embeddable":true,"href":"https:\/\/www.association-corecre.com\/index.php\/wp-json\/wp\/v2\/categories?post=6089"},{"taxonomy":"post_tag","embeddable":true,"href":"https:\/\/www.association-corecre.com\/index.php\/wp-json\/wp\/v2\/tags?post=6089"}],"curies":[{"name":"wp","href":"https:\/\/api.w.org\/{rel}","templated":true}]}}