{"id":5283,"date":"2022-10-26T11:54:15","date_gmt":"2022-10-26T09:54:15","guid":{"rendered":"http:\/\/www.association-corecre.com\/?page_id=5283"},"modified":"2025-06-19T17:10:26","modified_gmt":"2025-06-19T15:10:26","slug":"interviews-denfants","status":"publish","type":"page","link":"https:\/\/www.association-corecre.com\/index.php\/interviews-denfants\/","title":{"rendered":"Interviews d&#8217;enfants"},"content":{"rendered":"<p>[et_pb_section fb_built=&#8221;1&#8243; module_id=&#8221;ITWEnfants&#8221; _builder_version=&#8221;3.14&#8243; background_color=&#8221;#cee8ef&#8221; custom_padding=&#8221;69px|0px|0|0px|false|false&#8221;][et_pb_row _builder_version=&#8221;3.14&#8243;][et_pb_column type=&#8221;4_4&#8243; _builder_version=&#8221;3.14&#8243; parallax=&#8221;off&#8221; parallax_method=&#8221;on&#8221;][et_pb_text module_id=&#8221;ConceptionsEnfants&#8221; _builder_version=&#8221;3.14&#8243;]<\/p>\n<p style=\"text-align: center;\"><span style=\"color: #005470; font-size: xx-large;\"><strong>Les interviews &#8211; conceptions na\u00efves des enfants et des adolescents<\/strong><\/span><\/p>\n<p>[\/et_pb_text][\/et_pb_column][\/et_pb_row][\/et_pb_section][et_pb_section fb_built=&#8221;1&#8243; _builder_version=&#8221;3.14&#8243; custom_padding=&#8221;7px|0px|82px|0px|false|false&#8221; top_divider_style=&#8221;slant2&#8243; top_divider_color=&#8221;#cee8ef&#8221; top_divider_height=&#8221;200px&#8221; bottom_divider_color=&#8221;#3e4399&#8243; bottom_divider_height=&#8221;200px&#8221;][\/et_pb_section][et_pb_section fb_built=&#8221;1&#8243; _builder_version=&#8221;3.14&#8243; custom_padding=&#8221;9px|0px|28px|0px|false|false&#8221; top_divider_color=&#8221;#cee8ef&#8221; top_divider_height=&#8221;200px&#8221; bottom_divider_color=&#8221;#3e4399&#8243; bottom_divider_height=&#8221;200px&#8221;][et_pb_row custom_padding=&#8221;27px|0px|57px|0px|false|false&#8221; _builder_version=&#8221;3.14&#8243;][et_pb_column type=&#8221;4_4&#8243; _builder_version=&#8221;3.14&#8243; parallax=&#8221;off&#8221; parallax_method=&#8221;on&#8221;][et_pb_text _builder_version=&#8221;3.14&#8243;]<\/p>\n<p style=\"text-align: left;\"><span><strong><span style=\"font-size: x-large; color: rgba(0, 124, 153, 0.57);\">Que pensent les jeunes de l&#8217;importance des erreurs dans <\/span><span style=\"font-size: x-large; caret-color: rgba(0, 124, 153, 0.57); color: rgba(0, 124, 153, 0.57);\">l&#8217;apprentissage scolaire ?<\/span><\/strong><\/span><\/p>\n<p>[\/et_pb_text][\/et_pb_column][\/et_pb_row][et_pb_row _builder_version=&#8221;3.14&#8243;][et_pb_column type=&#8221;2_5&#8243; _builder_version=&#8221;3.14&#8243; parallax=&#8221;off&#8221; parallax_method=&#8221;on&#8221;][et_pb_text _builder_version=&#8221;3.14&#8243;]<\/p>\n<p style=\"text-align: center;\">Cette vid\u00e9o a \u00e9t\u00e9\u00a0pr\u00e9sent\u00e9e lors du\u00a0Co&#8217;ciliabule de la R\u00e9Cr\u00e9<\/p>\n<p style=\"text-align: center;\">&#8220;La place des erreurs dans l&#8217;apprentissage scolaire &#8220;<\/p>\n<p style=\"text-align: center;\">Juin 2025<\/p>\n<p>[\/et_pb_text][\/et_pb_column][et_pb_column type=&#8221;3_5&#8243; _builder_version=&#8221;3.14&#8243; parallax=&#8221;off&#8221; parallax_method=&#8221;on&#8221;][et_pb_video src=&#8221;https:\/\/youtu.be\/Jc1oXBujlFE&#8221; _builder_version=&#8221;3.14&#8243;][\/et_pb_video][\/et_pb_column][\/et_pb_row][et_pb_row _builder_version=&#8221;3.14&#8243;][et_pb_column type=&#8221;4_4&#8243; _builder_version=&#8221;3.14&#8243; parallax=&#8221;off&#8221; parallax_method=&#8221;on&#8221;][et_pb_divider color=&#8221;#c9e2e5&#8243; _builder_version=&#8221;3.14&#8243;][\/et_pb_divider][\/et_pb_column][\/et_pb_row][et_pb_row custom_padding=&#8221;27px|0px|57px|0px|false|false&#8221; _builder_version=&#8221;3.14&#8243;][et_pb_column type=&#8221;4_4&#8243; _builder_version=&#8221;3.14&#8243; parallax=&#8221;off&#8221; parallax_method=&#8221;on&#8221;][et_pb_text _builder_version=&#8221;3.14&#8243;]<\/p>\n<p style=\"text-align: left;\"><span style=\"color: rgba(0, 165, 124, 0.57); font-size: x-large;\"><strong>Quels sont les impacts du stress d&#8217;apr\u00e8s les jeunes ?<\/strong><\/span><\/p>\n<p>[\/et_pb_text][\/et_pb_column][\/et_pb_row][et_pb_row _builder_version=&#8221;3.14&#8243;][et_pb_column type=&#8221;2_5&#8243; _builder_version=&#8221;3.14&#8243; parallax=&#8221;off&#8221; parallax_method=&#8221;on&#8221;][et_pb_text _builder_version=&#8221;3.14&#8243;]<\/p>\n<p style=\"text-align: center;\">Cette vid\u00e9o a \u00e9t\u00e9\u00a0pr\u00e9sent\u00e9e lors du\u00a0Conciliabule<\/p>\n<p style=\"text-align: center;\">&#8220;Stress &amp; apprentissages&#8221;<\/p>\n<p style=\"text-align: center;\">Janvier 2022<\/p>\n<p>[\/et_pb_text][\/et_pb_column][et_pb_column type=&#8221;3_5&#8243; _builder_version=&#8221;3.14&#8243; parallax=&#8221;off&#8221; parallax_method=&#8221;on&#8221;][et_pb_video src=&#8221;https:\/\/www.youtube.com\/watch?v=gtJJQ2DXgSo&#8221; _builder_version=&#8221;3.14&#8243;][\/et_pb_video][\/et_pb_column][\/et_pb_row][et_pb_row _builder_version=&#8221;3.14&#8243;][et_pb_column type=&#8221;4_4&#8243; _builder_version=&#8221;3.14&#8243; parallax=&#8221;off&#8221; parallax_method=&#8221;on&#8221;][et_pb_divider color=&#8221;#c9e2e5&#8243; _builder_version=&#8221;3.14&#8243;][\/et_pb_divider][\/et_pb_column][\/et_pb_row][\/et_pb_section][et_pb_section fb_built=&#8221;1&#8243; _builder_version=&#8221;3.14&#8243; custom_padding=&#8221;9px|0px|28px|0px|false|false&#8221; top_divider_color=&#8221;#cee8ef&#8221; top_divider_height=&#8221;200px&#8221; bottom_divider_color=&#8221;#3e4399&#8243; bottom_divider_height=&#8221;200px&#8221;][et_pb_row custom_padding=&#8221;27px|0px|57px|0px|false|false&#8221; _builder_version=&#8221;3.14&#8243;][et_pb_column type=&#8221;4_4&#8243; _builder_version=&#8221;3.14&#8243; parallax=&#8221;off&#8221; parallax_method=&#8221;on&#8221;][et_pb_text _builder_version=&#8221;3.14&#8243;]<\/p>\n<p style=\"text-align: left;\"><span style=\"color: rgba(0, 124, 153, 0.568627); font-size: x-large;\"><strong>Qu&#8217;est ce que a motivation et comment la stimuler d&#8217;apr\u00e8s les ados ?<\/strong><\/span><\/p>\n<p>[\/et_pb_text][\/et_pb_column][\/et_pb_row][et_pb_row _builder_version=&#8221;3.14&#8243;][et_pb_column type=&#8221;2_5&#8243; _builder_version=&#8221;3.14&#8243; parallax=&#8221;off&#8221; parallax_method=&#8221;on&#8221;][et_pb_text _builder_version=&#8221;3.14&#8243;]<\/p>\n<p style=\"text-align: center;\">Cette vid\u00e9o a \u00e9t\u00e9\u00a0pr\u00e9sent\u00e9e lors du\u00a0Co&#8217;ciliabule de la R\u00e9Cr\u00e9<\/p>\n<p style=\"text-align: center;\">&#8220;La motivation dans les apprentissages&#8221;<\/p>\n<p style=\"text-align: center;\">Septembre 2024<\/p>\n<p>[\/et_pb_text][\/et_pb_column][et_pb_column type=&#8221;3_5&#8243; _builder_version=&#8221;3.14&#8243; parallax=&#8221;off&#8221; parallax_method=&#8221;on&#8221;][et_pb_video src=&#8221;https:\/\/youtu.be\/0c7Q1Bm_i0s&#8221; _builder_version=&#8221;3.14&#8243;][\/et_pb_video][\/et_pb_column][\/et_pb_row][et_pb_row _builder_version=&#8221;3.14&#8243;][et_pb_column type=&#8221;4_4&#8243; _builder_version=&#8221;3.14&#8243; parallax=&#8221;off&#8221; parallax_method=&#8221;on&#8221;][et_pb_divider color=&#8221;#c9e2e5&#8243; _builder_version=&#8221;3.14&#8243;][\/et_pb_divider][\/et_pb_column][\/et_pb_row][et_pb_row custom_padding=&#8221;27px|0px|57px|0px|false|false&#8221; _builder_version=&#8221;3.14&#8243;][et_pb_column type=&#8221;4_4&#8243; _builder_version=&#8221;3.14&#8243; parallax=&#8221;off&#8221; parallax_method=&#8221;on&#8221;][et_pb_text _builder_version=&#8221;3.14&#8243;]<\/p>\n<p style=\"text-align: left;\"><span style=\"color: rgba(0, 165, 124, 0.57); font-size: x-large;\"><strong>Quels sont les impacts du stress d&#8217;apr\u00e8s les jeunes ?<\/strong><\/span><\/p>\n<p>[\/et_pb_text][\/et_pb_column][\/et_pb_row][et_pb_row _builder_version=&#8221;3.14&#8243;][et_pb_column type=&#8221;2_5&#8243; _builder_version=&#8221;3.14&#8243; parallax=&#8221;off&#8221; parallax_method=&#8221;on&#8221;][et_pb_text _builder_version=&#8221;3.14&#8243;]<\/p>\n<p style=\"text-align: center;\">Cette vid\u00e9o a \u00e9t\u00e9\u00a0pr\u00e9sent\u00e9e lors du\u00a0Conciliabule<\/p>\n<p style=\"text-align: center;\">&#8220;Stress &amp; apprentissages&#8221;<\/p>\n<p style=\"text-align: center;\">Janvier 2022<\/p>\n<p>[\/et_pb_text][\/et_pb_column][et_pb_column type=&#8221;3_5&#8243; _builder_version=&#8221;3.14&#8243; parallax=&#8221;off&#8221; parallax_method=&#8221;on&#8221;][et_pb_video src=&#8221;https:\/\/www.youtube.com\/watch?v=gtJJQ2DXgSo&#8221; _builder_version=&#8221;3.14&#8243;][\/et_pb_video][\/et_pb_column][\/et_pb_row][et_pb_row _builder_version=&#8221;3.14&#8243;][et_pb_column type=&#8221;4_4&#8243; _builder_version=&#8221;3.14&#8243; parallax=&#8221;off&#8221; parallax_method=&#8221;on&#8221;][et_pb_divider color=&#8221;#c9e2e5&#8243; _builder_version=&#8221;3.14&#8243;][\/et_pb_divider][\/et_pb_column][\/et_pb_row][\/et_pb_section][et_pb_section fb_built=&#8221;1&#8243; _builder_version=&#8221;3.14&#8243; custom_padding=&#8221;9px|0px|28px|0px|false|false&#8221; top_divider_color=&#8221;#cee8ef&#8221; top_divider_height=&#8221;200px&#8221; bottom_divider_color=&#8221;#3e4399&#8243; bottom_divider_height=&#8221;200px&#8221;][et_pb_row custom_padding=&#8221;27px|0px|57px|0px|false|false&#8221; _builder_version=&#8221;3.14&#8243;][et_pb_column type=&#8221;4_4&#8243; _builder_version=&#8221;3.14&#8243; parallax=&#8221;off&#8221; parallax_method=&#8221;on&#8221;][et_pb_text _builder_version=&#8221;3.14&#8243;]<\/p>\n<p style=\"text-align: left;\"><span style=\"color: rgba(160, 165, 0, 0.57); font-size: x-large;\"><strong>Quels sont les impacts d&#8217;un bon \/ mauvais sommeil d&#8217;apr\u00e8s les enfants ?<\/strong><\/span><\/p>\n<p>[\/et_pb_text][\/et_pb_column][\/et_pb_row][et_pb_row _builder_version=&#8221;3.14&#8243;][et_pb_column type=&#8221;2_5&#8243; _builder_version=&#8221;3.14&#8243; parallax=&#8221;off&#8221; parallax_method=&#8221;on&#8221;][et_pb_text _builder_version=&#8221;3.14&#8243;]<\/p>\n<p style=\"text-align: center;\">Cette vid\u00e9o a \u00e9t\u00e9\u00a0pr\u00e9sent\u00e9e lors du\u00a0Conciliabule<\/p>\n<p style=\"text-align: center;\">&#8220;Sommeil &amp; rythmes scolaires&#8221;<\/p>\n<p style=\"text-align: center;\">Octobre 2021<\/p>\n<p>[\/et_pb_text][\/et_pb_column][et_pb_column type=&#8221;3_5&#8243; _builder_version=&#8221;3.14&#8243; parallax=&#8221;off&#8221; parallax_method=&#8221;on&#8221;][et_pb_video src=&#8221;https:\/\/www.youtube.com\/watch?v=V9aVxLUQ_dw&#8221; _builder_version=&#8221;3.14&#8243;][\/et_pb_video][\/et_pb_column][\/et_pb_row][et_pb_row _builder_version=&#8221;3.14&#8243;][et_pb_column type=&#8221;4_4&#8243; _builder_version=&#8221;3.14&#8243; parallax=&#8221;off&#8221; parallax_method=&#8221;on&#8221;][et_pb_divider color=&#8221;#c9e2e5&#8243; _builder_version=&#8221;3.14&#8243;][\/et_pb_divider][\/et_pb_column][\/et_pb_row][\/et_pb_section][et_pb_section fb_built=&#8221;1&#8243; _builder_version=&#8221;3.14&#8243; custom_padding=&#8221;9px|0px|28px|0px|false|false&#8221; top_divider_color=&#8221;#cee8ef&#8221; top_divider_height=&#8221;200px&#8221; bottom_divider_color=&#8221;#3e4399&#8243; bottom_divider_height=&#8221;200px&#8221;][et_pb_row custom_padding=&#8221;27px|0px|57px|0px|false|false&#8221; _builder_version=&#8221;3.14&#8243;][et_pb_column type=&#8221;4_4&#8243; _builder_version=&#8221;3.14&#8243; parallax=&#8221;off&#8221; parallax_method=&#8221;on&#8221;][et_pb_text _builder_version=&#8221;3.14&#8243;]<\/p>\n<p style=\"text-align: left;\"><span style=\"color: rgba(163, 76, 0, 0.57); font-size: x-large;\"><strong>Quels sont les impacts des \u00e9crans ?<\/strong><\/span><\/p>\n<p>[\/et_pb_text][\/et_pb_column][\/et_pb_row][et_pb_row _builder_version=&#8221;3.14&#8243;][et_pb_column type=&#8221;2_5&#8243; _builder_version=&#8221;3.14&#8243; parallax=&#8221;off&#8221; parallax_method=&#8221;on&#8221;][et_pb_text _builder_version=&#8221;3.14&#8243;]<\/p>\n<p style=\"text-align: center;\">Cette vid\u00e9o a \u00e9t\u00e9\u00a0pr\u00e9sent\u00e9e lors du\u00a0Conciliabule<\/p>\n<p style=\"text-align: center;\">&#8220;\u00c9crans et jeux vid\u00e9os &#8211; quels impacts ?&#8221;<\/p>\n<p style=\"text-align: center;\">Juin 2021<\/p>\n<p>[\/et_pb_text][\/et_pb_column][et_pb_column type=&#8221;3_5&#8243; _builder_version=&#8221;3.14&#8243; parallax=&#8221;off&#8221; parallax_method=&#8221;on&#8221;][et_pb_video src=&#8221;http:\/\/youtu.be\/4uSfN8kUZ7M&#8221; _builder_version=&#8221;3.14&#8243;][\/et_pb_video][\/et_pb_column][\/et_pb_row][et_pb_row _builder_version=&#8221;3.14&#8243;][et_pb_column type=&#8221;4_4&#8243; _builder_version=&#8221;3.14&#8243; parallax=&#8221;off&#8221; parallax_method=&#8221;on&#8221;][et_pb_divider color=&#8221;#c9e2e5&#8243; _builder_version=&#8221;3.14&#8243;][\/et_pb_divider][\/et_pb_column][\/et_pb_row][\/et_pb_section][et_pb_section fb_built=&#8221;1&#8243; _builder_version=&#8221;3.14&#8243; custom_padding=&#8221;9px|0px|28px|0px|false|false&#8221; top_divider_color=&#8221;#cee8ef&#8221; top_divider_height=&#8221;200px&#8221; bottom_divider_color=&#8221;#3e4399&#8243; bottom_divider_height=&#8221;200px&#8221;][et_pb_row custom_padding=&#8221;27px|0px|57px|0px|false|false&#8221; _builder_version=&#8221;3.14&#8243;][et_pb_column type=&#8221;4_4&#8243; _builder_version=&#8221;3.14&#8243; parallax=&#8221;off&#8221; parallax_method=&#8221;on&#8221;][et_pb_text _builder_version=&#8221;3.14&#8243;]<\/p>\n<p style=\"text-align: left;\"><span style=\"color: rgba(0, 145, 168, 0.57); font-size: x-large;\"><strong>Qu&#8217;est-ce que l&#8217;adolescence ?\u00a0<\/strong><\/span><\/p>\n<p>[\/et_pb_text][\/et_pb_column][\/et_pb_row][et_pb_row _builder_version=&#8221;3.14&#8243;][et_pb_column type=&#8221;2_5&#8243; _builder_version=&#8221;3.14&#8243; parallax=&#8221;off&#8221; parallax_method=&#8221;on&#8221;][et_pb_text _builder_version=&#8221;3.14&#8243;]<\/p>\n<p style=\"text-align: center;\">Cette vid\u00e9o a \u00e9t\u00e9\u00a0pr\u00e9sent\u00e9e lors du\u00a0Co&#8217;ciliabule<\/p>\n<p style=\"text-align: center;\">&#8220;Ados et \u00c9motions&#8221;<\/p>\n<p style=\"text-align: center;\">Mai 2021<\/p>\n<p>[\/et_pb_text][\/et_pb_column][et_pb_column type=&#8221;3_5&#8243; _builder_version=&#8221;3.14&#8243; parallax=&#8221;off&#8221; parallax_method=&#8221;on&#8221;][et_pb_video src=&#8221;https:\/\/youtu.be\/3Bynlx6_ORc&#8221; _builder_version=&#8221;3.14&#8243;][\/et_pb_video][\/et_pb_column][\/et_pb_row][\/et_pb_section][et_pb_section fb_built=&#8221;1&#8243; _builder_version=&#8221;3.14&#8243; custom_padding=&#8221;9px|0px|28px|0px|false|false&#8221; top_divider_color=&#8221;#cee8ef&#8221; top_divider_height=&#8221;200px&#8221; bottom_divider_color=&#8221;#3e4399&#8243; bottom_divider_height=&#8221;200px&#8221;][et_pb_row custom_padding=&#8221;27px|0px|57px|0px|false|false&#8221; _builder_version=&#8221;3.14&#8243;][et_pb_column type=&#8221;4_4&#8243; _builder_version=&#8221;3.14&#8243; parallax=&#8221;off&#8221; parallax_method=&#8221;on&#8221;][et_pb_divider color=&#8221;rgba(40,104,127,0.22)&#8221; _builder_version=&#8221;3.14&#8243;][\/et_pb_divider][et_pb_text _builder_version=&#8221;3.14&#8243;]<\/p>\n<p style=\"text-align: left;\"><span style=\"color: rgba(129, 0, 165, 0.57); font-size: x-large;\"><strong>Qu&#8217;est-ce que la cr\u00e9ativit\u00e9 d&#8217;apr\u00e8s les enfants et les adolescents ? <\/strong><\/span><\/p>\n<p>[\/et_pb_text][\/et_pb_column][\/et_pb_row][et_pb_row _builder_version=&#8221;3.14&#8243;][et_pb_column type=&#8221;2_5&#8243; _builder_version=&#8221;3.14&#8243; parallax=&#8221;off&#8221; parallax_method=&#8221;on&#8221;][et_pb_text _builder_version=&#8221;3.14&#8243;]<\/p>\n<p style=\"text-align: center;\">Cette vid\u00e9o a \u00e9t\u00e9\u00a0pr\u00e9sent\u00e9e lors du Co&#8217;ciliabule<\/p>\n<p style=\"text-align: center;\">&#8220;L&#8217;\u00e9cole de la Cr\u00e9ativit\u00e9&#8221;<\/p>\n<p style=\"text-align: center;\">Avril 2021<\/p>\n<p>[\/et_pb_text][\/et_pb_column][et_pb_column type=&#8221;3_5&#8243; _builder_version=&#8221;3.14&#8243; parallax=&#8221;off&#8221; parallax_method=&#8221;on&#8221;][et_pb_video src=&#8221;https:\/\/www.youtube.com\/watch?v=0X2WIVGBO0k&#8221; _builder_version=&#8221;3.14&#8243;][\/et_pb_video][\/et_pb_column][\/et_pb_row][\/et_pb_section][et_pb_section fb_built=&#8221;1&#8243; _builder_version=&#8221;3.14&#8243; custom_padding=&#8221;9px|0px|28px|0px|false|false&#8221; top_divider_color=&#8221;#cee8ef&#8221; top_divider_height=&#8221;200px&#8221; bottom_divider_color=&#8221;#3e4399&#8243; bottom_divider_height=&#8221;200px&#8221;][et_pb_row custom_padding=&#8221;27px|0px|57px|0px|false|false&#8221; _builder_version=&#8221;3.14&#8243;][et_pb_column type=&#8221;4_4&#8243; _builder_version=&#8221;3.14&#8243; parallax=&#8221;off&#8221; parallax_method=&#8221;on&#8221;][et_pb_divider color=&#8221;rgba(40,104,127,0.22)&#8221; _builder_version=&#8221;3.14&#8243;][\/et_pb_divider][et_pb_text _builder_version=&#8221;3.14&#8243;]<\/p>\n<p style=\"text-align: center;\"><span style=\"color: rgba(142, 116, 0, 0.57);\"><span style=\"font-size: x-large;\"><strong>Que pensent les enfants et les adolescents des\u00a0<\/strong><\/span><span style=\"font-size: x-large;\"><strong>diff\u00e9rences (ou similitudes !) entre les filles et les gar\u00e7ons ?<\/strong><\/span><\/span><\/p>\n<p>[\/et_pb_text][\/et_pb_column][\/et_pb_row][et_pb_row _builder_version=&#8221;3.14&#8243;][et_pb_column type=&#8221;2_5&#8243; _builder_version=&#8221;3.14&#8243; parallax=&#8221;off&#8221; parallax_method=&#8221;on&#8221;][et_pb_text _builder_version=&#8221;3.14&#8243;]<\/p>\n<p style=\"text-align: center;\">Cette vid\u00e9o a \u00e9t\u00e9\u00a0pr\u00e9sent\u00e9e lors du Co&#8217;ciliabule<\/p>\n<p style=\"text-align: center;\">&#8220;Filles &amp; gar\u00e7ons \u00e0 l&#8217;\u00e9cole&#8221;<\/p>\n<p style=\"text-align: center;\">Mars 2021<\/p>\n<p>[\/et_pb_text][\/et_pb_column][et_pb_column type=&#8221;3_5&#8243; _builder_version=&#8221;3.14&#8243; parallax=&#8221;off&#8221; parallax_method=&#8221;on&#8221;][et_pb_video src=&#8221;https:\/\/www.youtube.com\/watch?v=jIjO4nhdqD8&#038;t=3s&#8221; _builder_version=&#8221;3.14&#8243;][\/et_pb_video][\/et_pb_column][\/et_pb_row][\/et_pb_section]<\/p>\n","protected":false},"excerpt":{"rendered":"<p>[et_pb_section fb_built=&#8221;1&#8243; module_id=&#8221;ITWEnfants&#8221; _builder_version=&#8221;3.14&#8243; background_color=&#8221;#cee8ef&#8221; custom_padding=&#8221;69px|0px|0|0px|false|false&#8221;][et_pb_row _builder_version=&#8221;3.14&#8243;][et_pb_column type=&#8221;4_4&#8243; _builder_version=&#8221;3.14&#8243; parallax=&#8221;off&#8221; parallax_method=&#8221;on&#8221;][et_pb_text module_id=&#8221;ConceptionsEnfants&#8221; _builder_version=&#8221;3.14&#8243;] Les interviews &#8211; conceptions na\u00efves des enfants et des adolescents [\/et_pb_text][\/et_pb_column][\/et_pb_row][\/et_pb_section][et_pb_section fb_built=&#8221;1&#8243; _builder_version=&#8221;3.14&#8243; custom_padding=&#8221;7px|0px|82px|0px|false|false&#8221; top_divider_style=&#8221;slant2&#8243; top_divider_color=&#8221;#cee8ef&#8221; top_divider_height=&#8221;200px&#8221; bottom_divider_color=&#8221;#3e4399&#8243; bottom_divider_height=&#8221;200px&#8221;][\/et_pb_section][et_pb_section fb_built=&#8221;1&#8243; _builder_version=&#8221;3.14&#8243; custom_padding=&#8221;9px|0px|28px|0px|false|false&#8221; top_divider_color=&#8221;#cee8ef&#8221; top_divider_height=&#8221;200px&#8221; bottom_divider_color=&#8221;#3e4399&#8243; bottom_divider_height=&#8221;200px&#8221;][et_pb_row custom_padding=&#8221;27px|0px|57px|0px|false|false&#8221; _builder_version=&#8221;3.14&#8243;][et_pb_column type=&#8221;4_4&#8243; _builder_version=&#8221;3.14&#8243; parallax=&#8221;off&#8221; parallax_method=&#8221;on&#8221;][et_pb_text _builder_version=&#8221;3.14&#8243;] Que pensent les jeunes de l&#8217;importance des erreurs dans [&hellip;]<\/p>\n","protected":false},"author":1,"featured_media":0,"parent":0,"menu_order":0,"comment_status":"closed","ping_status":"closed","template":"","meta":{"_exactmetrics_skip_tracking":false,"_exactmetrics_sitenote_active":false,"_exactmetrics_sitenote_note":"","_exactmetrics_sitenote_category":0,"_monsterinsights_skip_tracking":false,"_monsterinsights_sitenote_active":false,"_monsterinsights_sitenote_note":"","_monsterinsights_sitenote_category":0,"footnotes":""},"categories":[],"tags":[],"class_list":["post-5283","page","type-page","status-publish","hentry"],"_links":{"self":[{"href":"https:\/\/www.association-corecre.com\/index.php\/wp-json\/wp\/v2\/pages\/5283","targetHints":{"allow":["GET"]}}],"collection":[{"href":"https:\/\/www.association-corecre.com\/index.php\/wp-json\/wp\/v2\/pages"}],"about":[{"href":"https:\/\/www.association-corecre.com\/index.php\/wp-json\/wp\/v2\/types\/page"}],"author":[{"embeddable":true,"href":"https:\/\/www.association-corecre.com\/index.php\/wp-json\/wp\/v2\/users\/1"}],"replies":[{"embeddable":true,"href":"https:\/\/www.association-corecre.com\/index.php\/wp-json\/wp\/v2\/comments?post=5283"}],"version-history":[{"count":7,"href":"https:\/\/www.association-corecre.com\/index.php\/wp-json\/wp\/v2\/pages\/5283\/revisions"}],"predecessor-version":[{"id":5997,"href":"https:\/\/www.association-corecre.com\/index.php\/wp-json\/wp\/v2\/pages\/5283\/revisions\/5997"}],"wp:attachment":[{"href":"https:\/\/www.association-corecre.com\/index.php\/wp-json\/wp\/v2\/media?parent=5283"}],"wp:term":[{"taxonomy":"category","embeddable":true,"href":"https:\/\/www.association-corecre.com\/index.php\/wp-json\/wp\/v2\/categories?post=5283"},{"taxonomy":"post_tag","embeddable":true,"href":"https:\/\/www.association-corecre.com\/index.php\/wp-json\/wp\/v2\/tags?post=5283"}],"curies":[{"name":"wp","href":"https:\/\/api.w.org\/{rel}","templated":true}]}}