{"id":5117,"date":"2022-09-18T16:47:57","date_gmt":"2022-09-18T14:47:57","guid":{"rendered":"http:\/\/www.association-corecre.com\/?page_id=5117"},"modified":"2022-09-19T11:27:08","modified_gmt":"2022-09-19T09:27:08","slug":"coaction-avec-dautres-associations","status":"publish","type":"page","link":"https:\/\/www.association-corecre.com\/index.php\/coaction-avec-dautres-associations\/","title":{"rendered":"Co&#8217;action avec d&#8217;autres associations"},"content":{"rendered":"<p>[et_pb_section fb_built=&#8221;1&#8243; _builder_version=&#8221;3.14&#8243;][et_pb_row _builder_version=&#8221;3.14&#8243;][et_pb_column type=&#8221;4_4&#8243; _builder_version=&#8221;3.14&#8243; parallax=&#8221;off&#8221; parallax_method=&#8221;on&#8221;][et_pb_text _builder_version=&#8221;3.14&#8243;]<\/p>\n<p style=\"text-align: center;\"><span style=\"color: #30829b; font-size: x-large;\"><strong>Co&#8217;actions avec d&#8217;autres associations<\/strong><\/span><\/p>\n<p>[\/et_pb_text][\/et_pb_column][\/et_pb_row][et_pb_row _builder_version=&#8221;3.14&#8243;][et_pb_column type=&#8221;4_4&#8243; _builder_version=&#8221;3.14&#8243; parallax=&#8221;off&#8221; parallax_method=&#8221;on&#8221;][et_pb_divider color=&#8221;#6b6b6b&#8221; divider_style=&#8221;dashed&#8221; _builder_version=&#8221;3.14&#8243;][\/et_pb_divider][\/et_pb_column][\/et_pb_row][et_pb_row custom_padding=&#8221;24px|0px|24px|0px|false|false&#8221; _builder_version=&#8221;3.14&#8243;][et_pb_column type=&#8221;4_4&#8243; _builder_version=&#8221;3.14&#8243; parallax=&#8221;off&#8221; parallax_method=&#8221;on&#8221;][et_pb_text _builder_version=&#8221;3.14&#8243; text_font=&#8221;|||||on|||&#8221;]<span style=\"font-size: large; font-family: inherit; font-weight: normal; color: #70036c;\"><strong>Des ateliers lors de la grande des enfants 2022 &#8211; Paris 19e<\/strong><\/span><br \/>\n[\/et_pb_text][\/et_pb_column][\/et_pb_row][et_pb_row _builder_version=&#8221;3.14&#8243;][et_pb_column type=&#8221;1_2&#8243; _builder_version=&#8221;3.14&#8243; parallax=&#8221;off&#8221; parallax_method=&#8221;on&#8221;][et_pb_text _builder_version=&#8221;3.14&#8243;]<span style=\"font-size: 14px;\">Organis\u00e9e par l&#8217;association du Caf\u00e9zo\u00efde, la grande rue des enfants et un espace d\u00e9di\u00e9 aux enfants, et privil\u00e9gi\u00e9s pour leur expression et leur apprentissage !<\/span><\/p>\n<p>En mai 2022, l&#8217;association du CoR\u00e9CR\u00c9 \u00e9tait pr\u00e9sente, et offrait des ateliers de diffusion scientifiques aux plus jeunes et aux moins jeunes \ud83d\ude09<br \/>\n[\/et_pb_text][\/et_pb_column][et_pb_column type=&#8221;1_2&#8243; _builder_version=&#8221;3.14&#8243; parallax=&#8221;off&#8221; parallax_method=&#8221;on&#8221;][et_pb_gallery gallery_ids=&#8221;5067,5068,5069,5070,5071,5072,5073,5074,5075,5076,5077,5093&#8243; fullwidth=&#8221;on&#8221; _builder_version=&#8221;3.14&#8243; border_width_all=&#8221;2px&#8221;][\/et_pb_gallery][\/et_pb_column][\/et_pb_row][et_pb_row _builder_version=&#8221;3.14&#8243;][et_pb_column type=&#8221;4_4&#8243; _builder_version=&#8221;3.14&#8243; parallax=&#8221;off&#8221; parallax_method=&#8221;on&#8221;][et_pb_divider color=&#8221;#6b6b6b&#8221; divider_style=&#8221;dashed&#8221; _builder_version=&#8221;3.14&#8243;][\/et_pb_divider][\/et_pb_column][\/et_pb_row][et_pb_row custom_padding=&#8221;24px|0px|24px|0px|false|false&#8221; _builder_version=&#8221;3.14&#8243;][et_pb_column type=&#8221;4_4&#8243; _builder_version=&#8221;3.14&#8243; parallax=&#8221;off&#8221; parallax_method=&#8221;on&#8221;][et_pb_text _builder_version=&#8221;3.14&#8243; text_font=&#8221;|||||on|||&#8221;]<\/p>\n<p><span style=\"font-size: large; font-family: inherit; font-weight: normal; color: #70036c;\"><strong>Animations au Caf\u00e9zo\u00efde &#8211; tournage vid\u00e9o<\/strong><\/span><\/p>\n<p>[\/et_pb_text][\/et_pb_column][\/et_pb_row][et_pb_row _builder_version=&#8221;3.14&#8243;][et_pb_column type=&#8221;1_2&#8243; _builder_version=&#8221;3.14&#8243; parallax=&#8221;off&#8221; parallax_method=&#8221;on&#8221;][et_pb_text _builder_version=&#8221;3.14&#8243;]En partenariat avec le Caf\u00e9zo\u00efde (paris 19e), le CoR\u00e9CR\u00c9 a tourn\u00e9 de nombreuses s\u00e9quences vid\u00e9os pour illustrer les conceptions na\u00efves des enfants \u00e0 propos de diff\u00e9rentes questions qui gravitent autour du d\u00e9veloppement cognitif !<\/p>\n<p>&nbsp;<\/p>\n<p>Merci Tom, merci le Caf\u00e9zo\u00efde, et merci aux enfants qui \u00e9taient curieux et ont souhait\u00e9 participer (m\u00eame aux tournages vid\u00e9os) !<br \/>\n[\/et_pb_text][\/et_pb_column][et_pb_column type=&#8221;1_2&#8243; _builder_version=&#8221;3.14&#8243; parallax=&#8221;off&#8221; parallax_method=&#8221;on&#8221;][et_pb_gallery gallery_ids=&#8221;5105,5106,5101,5103,5107,5104,5102,5108&#8243; fullwidth=&#8221;on&#8221; _builder_version=&#8221;3.14&#8243; border_width_all=&#8221;2px&#8221;][\/et_pb_gallery][\/et_pb_column][\/et_pb_row][\/et_pb_section]<\/p>\n","protected":false},"excerpt":{"rendered":"<p>[et_pb_section fb_built=&#8221;1&#8243; _builder_version=&#8221;3.14&#8243;][et_pb_row _builder_version=&#8221;3.14&#8243;][et_pb_column type=&#8221;4_4&#8243; _builder_version=&#8221;3.14&#8243; parallax=&#8221;off&#8221; parallax_method=&#8221;on&#8221;][et_pb_text _builder_version=&#8221;3.14&#8243;] Co&#8217;actions avec d&#8217;autres associations [\/et_pb_text][\/et_pb_column][\/et_pb_row][et_pb_row _builder_version=&#8221;3.14&#8243;][et_pb_column type=&#8221;4_4&#8243; _builder_version=&#8221;3.14&#8243; parallax=&#8221;off&#8221; parallax_method=&#8221;on&#8221;][et_pb_divider color=&#8221;#6b6b6b&#8221; divider_style=&#8221;dashed&#8221; _builder_version=&#8221;3.14&#8243;][\/et_pb_divider][\/et_pb_column][\/et_pb_row][et_pb_row custom_padding=&#8221;24px|0px|24px|0px|false|false&#8221; _builder_version=&#8221;3.14&#8243;][et_pb_column type=&#8221;4_4&#8243; _builder_version=&#8221;3.14&#8243; parallax=&#8221;off&#8221; parallax_method=&#8221;on&#8221;][et_pb_text _builder_version=&#8221;3.14&#8243; text_font=&#8221;|||||on|||&#8221;]Des ateliers lors de la grande des enfants 2022 &#8211; Paris 19e [\/et_pb_text][\/et_pb_column][\/et_pb_row][et_pb_row _builder_version=&#8221;3.14&#8243;][et_pb_column type=&#8221;1_2&#8243; _builder_version=&#8221;3.14&#8243; parallax=&#8221;off&#8221; parallax_method=&#8221;on&#8221;][et_pb_text _builder_version=&#8221;3.14&#8243;]Organis\u00e9e par l&#8217;association du Caf\u00e9zo\u00efde, la grande rue [&hellip;]<\/p>\n","protected":false},"author":1,"featured_media":0,"parent":0,"menu_order":0,"comment_status":"closed","ping_status":"closed","template":"","meta":{"_exactmetrics_skip_tracking":false,"_exactmetrics_sitenote_active":false,"_exactmetrics_sitenote_note":"","_exactmetrics_sitenote_category":0,"_monsterinsights_skip_tracking":false,"_monsterinsights_sitenote_active":false,"_monsterinsights_sitenote_note":"","_monsterinsights_sitenote_category":0,"footnotes":""},"categories":[],"tags":[],"class_list":["post-5117","page","type-page","status-publish","hentry"],"_links":{"self":[{"href":"https:\/\/www.association-corecre.com\/index.php\/wp-json\/wp\/v2\/pages\/5117","targetHints":{"allow":["GET"]}}],"collection":[{"href":"https:\/\/www.association-corecre.com\/index.php\/wp-json\/wp\/v2\/pages"}],"about":[{"href":"https:\/\/www.association-corecre.com\/index.php\/wp-json\/wp\/v2\/types\/page"}],"author":[{"embeddable":true,"href":"https:\/\/www.association-corecre.com\/index.php\/wp-json\/wp\/v2\/users\/1"}],"replies":[{"embeddable":true,"href":"https:\/\/www.association-corecre.com\/index.php\/wp-json\/wp\/v2\/comments?post=5117"}],"version-history":[{"count":13,"href":"https:\/\/www.association-corecre.com\/index.php\/wp-json\/wp\/v2\/pages\/5117\/revisions"}],"predecessor-version":[{"id":5147,"href":"https:\/\/www.association-corecre.com\/index.php\/wp-json\/wp\/v2\/pages\/5117\/revisions\/5147"}],"wp:attachment":[{"href":"https:\/\/www.association-corecre.com\/index.php\/wp-json\/wp\/v2\/media?parent=5117"}],"wp:term":[{"taxonomy":"category","embeddable":true,"href":"https:\/\/www.association-corecre.com\/index.php\/wp-json\/wp\/v2\/categories?post=5117"},{"taxonomy":"post_tag","embeddable":true,"href":"https:\/\/www.association-corecre.com\/index.php\/wp-json\/wp\/v2\/tags?post=5117"}],"curies":[{"name":"wp","href":"https:\/\/api.w.org\/{rel}","templated":true}]}}