{"id":5026,"date":"2022-09-18T14:00:01","date_gmt":"2022-09-18T12:00:01","guid":{"rendered":"http:\/\/www.association-corecre.com\/?page_id=5026"},"modified":"2024-06-23T15:50:53","modified_gmt":"2024-06-23T13:50:53","slug":"lassociation-recrute","status":"publish","type":"page","link":"https:\/\/www.association-corecre.com\/index.php\/lassociation-recrute\/","title":{"rendered":"L&#8217;association recrute !"},"content":{"rendered":"<p>[et_pb_section fb_built=&#8221;1&#8243; _builder_version=&#8221;3.14&#8243; custom_padding=&#8221;32px|0px|8px|0px|false|false&#8221;][et_pb_row custom_padding=&#8221;27px|0px|12px|0px|false|false&#8221; _builder_version=&#8221;3.14&#8243;][et_pb_column type=&#8221;4_4&#8243; _builder_version=&#8221;3.14&#8243; parallax=&#8221;off&#8221; parallax_method=&#8221;on&#8221;][et_pb_text _builder_version=&#8221;3.14&#8243; inline_fonts=&#8221;Georgia&#8221;]<\/p>\n<h4 style=\"text-align: center;\"><span style=\"font-family: Georgia; color: #077596;\"><strong>Participez \u00e0 l&#8217;association, et devenez b\u00e9n\u00e9vole !\u00a0<\/strong><\/span><\/h4>\n<p>[\/et_pb_text][\/et_pb_column][\/et_pb_row][\/et_pb_section][et_pb_section fb_built=&#8221;1&#8243; _builder_version=&#8221;3.14&#8243; custom_padding=&#8221;17px|0px|0|0px|false|false&#8221;][et_pb_row _builder_version=&#8221;3.14&#8243;][et_pb_column type=&#8221;1_3&#8243; _builder_version=&#8221;3.14&#8243; parallax=&#8221;off&#8221; parallax_method=&#8221;on&#8221;][et_pb_image src=&#8221;http:\/\/www.association-corecre.com\/wp-content\/uploads\/2020\/07\/persaud-brain-common-core.gif&#8221; _builder_version=&#8221;3.14&#8243;][\/et_pb_image][\/et_pb_column][et_pb_column type=&#8221;2_3&#8243; _builder_version=&#8221;3.14&#8243; parallax=&#8221;off&#8221; parallax_method=&#8221;on&#8221;][et_pb_text _builder_version=&#8221;3.14&#8243; inline_fonts=&#8221;Georgia&#8221;]<\/p>\n<p style=\"text-align: justify;\">Au sein de l&#8217;\u00e9quipe d&#8217;animation, chaque personne est \u00e0 la fois impliqu\u00e9e dans la diffusion scientifique en ligne, mais aussi dans la cr\u00e9ation des \u00e9v\u00e8nements <strong>selon ses souhaits<\/strong>. Nous travaillons tous main dans la main, et nous permettons \u00e0 chacun d&#8217;entre nous de <strong>changer de casquette<\/strong> lorsqu&#8217;il le souhaite. C&#8217;est \u00e0 la fois un moyen de permettre \u00e0 tout le monde d&#8217;<strong>exprimer ses diff\u00e9rentes qualit\u00e9s<\/strong>, et de <strong>monter en comp\u00e9tences<\/strong> sur des t\u00e2ches nouvelles !<\/p>\n<p style=\"text-align: justify;\">Voici quelques uns des diff\u00e9rents r\u00f4les :<\/p>\n<p style=\"padding-left: 30px;\">&#8211; <strong>R\u00e9dacteur et relecteur<\/strong> d&#8217;articles de diffusions scientifique<\/p>\n<p style=\"padding-left: 30px;\">&#8211; &#8220;<strong>Journaliste<\/strong>&#8221; lors des interviews d&#8217;experts ou d&#8217;enfants<\/p>\n<p style=\"padding-left: 30px;\">&#8211; <strong>Animateur de diffusion scientifique<\/strong> aupr\u00e8s des enfants, des enseignants et du grand public<\/p>\n<p style=\"padding-left: 30px;\">&#8211; <strong>Designer multimedia<\/strong> &#8211; cr\u00e9ateur de contenu pour la diffusion d&#8217;informations multim\u00e9dias, monteur vid\u00e9o, &#8230;<\/p>\n<p>[\/et_pb_text][\/et_pb_column][\/et_pb_row][\/et_pb_section][et_pb_section fb_built=&#8221;1&#8243; _builder_version=&#8221;3.14&#8243; custom_padding=&#8221;12px|0px|8px|0px|false|false&#8221;][et_pb_row custom_padding=&#8221;27px|0px|12px|0px|false|false&#8221; _builder_version=&#8221;3.14&#8243;][et_pb_column type=&#8221;4_4&#8243; _builder_version=&#8221;3.14&#8243; parallax=&#8221;off&#8221; parallax_method=&#8221;on&#8221;][et_pb_divider color=&#8221;#6b6b6b&#8221; divider_style=&#8221;dashed&#8221; _builder_version=&#8221;3.14&#8243;][\/et_pb_divider][et_pb_text _builder_version=&#8221;3.14&#8243; inline_fonts=&#8221;Georgia&#8221;]<\/p>\n<h4 style=\"text-align: center;\"><span style=\"font-family: Georgia;\"><strong>Pour en savoir plus, n&#8217;h\u00e9sitez pas \u00e0 lire la brochure ci-dessous !\u00a0<\/strong><\/span><\/h4>\n<p>[\/et_pb_text][et_pb_gallery gallery_ids=&#8221;3439&#8243; fullwidth=&#8221;on&#8221; _builder_version=&#8221;3.14&#8243; title_level=&#8221;h1&#8243; title_font=&#8221;||||||||&#8221; caption_text_align=&#8221;left&#8221; pagination_font=&#8221;||||||||&#8221; border_width_all=&#8221;1px&#8221; border_color_all=&#8221;#b7b7b7&#8243; box_shadow_style=&#8221;preset1&#8243; module_alignment=&#8221;center&#8221; custom_margin=&#8221;|11px||&#8221; custom_padding=&#8221;|0px||&#8221; filter_saturate=&#8221;126%&#8221; max_width=&#8221;44%&#8221;][\/et_pb_gallery][\/et_pb_column][\/et_pb_row][\/et_pb_section]<\/p>\n","protected":false},"excerpt":{"rendered":"<p>[et_pb_section fb_built=&#8221;1&#8243; _builder_version=&#8221;3.14&#8243; custom_padding=&#8221;32px|0px|8px|0px|false|false&#8221;][et_pb_row custom_padding=&#8221;27px|0px|12px|0px|false|false&#8221; _builder_version=&#8221;3.14&#8243;][et_pb_column type=&#8221;4_4&#8243; _builder_version=&#8221;3.14&#8243; parallax=&#8221;off&#8221; parallax_method=&#8221;on&#8221;][et_pb_text _builder_version=&#8221;3.14&#8243; inline_fonts=&#8221;Georgia&#8221;] Participez \u00e0 l&#8217;association, et devenez b\u00e9n\u00e9vole !\u00a0 [\/et_pb_text][\/et_pb_column][\/et_pb_row][\/et_pb_section][et_pb_section fb_built=&#8221;1&#8243; _builder_version=&#8221;3.14&#8243; custom_padding=&#8221;17px|0px|0|0px|false|false&#8221;][et_pb_row _builder_version=&#8221;3.14&#8243;][et_pb_column type=&#8221;1_3&#8243; _builder_version=&#8221;3.14&#8243; parallax=&#8221;off&#8221; parallax_method=&#8221;on&#8221;][et_pb_image src=&#8221;http:\/\/www.association-corecre.com\/wp-content\/uploads\/2020\/07\/persaud-brain-common-core.gif&#8221; _builder_version=&#8221;3.14&#8243;][\/et_pb_image][\/et_pb_column][et_pb_column type=&#8221;2_3&#8243; _builder_version=&#8221;3.14&#8243; parallax=&#8221;off&#8221; parallax_method=&#8221;on&#8221;][et_pb_text _builder_version=&#8221;3.14&#8243; inline_fonts=&#8221;Georgia&#8221;] Au sein de l&#8217;\u00e9quipe d&#8217;animation, chaque personne est \u00e0 la fois impliqu\u00e9e dans la diffusion scientifique en ligne, mais [&hellip;]<\/p>\n","protected":false},"author":1,"featured_media":0,"parent":0,"menu_order":0,"comment_status":"closed","ping_status":"closed","template":"","meta":{"_exactmetrics_skip_tracking":false,"_exactmetrics_sitenote_active":false,"_exactmetrics_sitenote_note":"","_exactmetrics_sitenote_category":0,"_monsterinsights_skip_tracking":false,"_monsterinsights_sitenote_active":false,"_monsterinsights_sitenote_note":"","_monsterinsights_sitenote_category":0,"footnotes":""},"categories":[],"tags":[],"class_list":["post-5026","page","type-page","status-publish","hentry"],"_links":{"self":[{"href":"https:\/\/www.association-corecre.com\/index.php\/wp-json\/wp\/v2\/pages\/5026","targetHints":{"allow":["GET"]}}],"collection":[{"href":"https:\/\/www.association-corecre.com\/index.php\/wp-json\/wp\/v2\/pages"}],"about":[{"href":"https:\/\/www.association-corecre.com\/index.php\/wp-json\/wp\/v2\/types\/page"}],"author":[{"embeddable":true,"href":"https:\/\/www.association-corecre.com\/index.php\/wp-json\/wp\/v2\/users\/1"}],"replies":[{"embeddable":true,"href":"https:\/\/www.association-corecre.com\/index.php\/wp-json\/wp\/v2\/comments?post=5026"}],"version-history":[{"count":9,"href":"https:\/\/www.association-corecre.com\/index.php\/wp-json\/wp\/v2\/pages\/5026\/revisions"}],"predecessor-version":[{"id":5795,"href":"https:\/\/www.association-corecre.com\/index.php\/wp-json\/wp\/v2\/pages\/5026\/revisions\/5795"}],"wp:attachment":[{"href":"https:\/\/www.association-corecre.com\/index.php\/wp-json\/wp\/v2\/media?parent=5026"}],"wp:term":[{"taxonomy":"category","embeddable":true,"href":"https:\/\/www.association-corecre.com\/index.php\/wp-json\/wp\/v2\/categories?post=5026"},{"taxonomy":"post_tag","embeddable":true,"href":"https:\/\/www.association-corecre.com\/index.php\/wp-json\/wp\/v2\/tags?post=5026"}],"curies":[{"name":"wp","href":"https:\/\/api.w.org\/{rel}","templated":true}]}}