{"id":5000,"date":"2022-09-18T14:01:47","date_gmt":"2022-09-18T12:01:47","guid":{"rendered":"http:\/\/www.association-corecre.com\/?page_id=5000"},"modified":"2025-12-04T09:51:15","modified_gmt":"2025-12-04T08:51:15","slug":"participer","status":"publish","type":"page","link":"https:\/\/www.association-corecre.com\/index.php\/participer\/","title":{"rendered":"Participer"},"content":{"rendered":"<p>[et_pb_section fb_built=&#8221;1&#8243; _builder_version=&#8221;3.14&#8243; custom_padding=&#8221;2px|0px|0|0px|false|false&#8221;][et_pb_row custom_padding=&#8221;33px|0px|0|0px|false|false&#8221; _builder_version=&#8221;3.14&#8243;][et_pb_column type=&#8221;4_4&#8243; _builder_version=&#8221;3.14&#8243; parallax=&#8221;off&#8221; parallax_method=&#8221;on&#8221;][et_pb_text _builder_version=&#8221;3.14&#8243; inline_fonts=&#8221;Georgia&#8221;]<\/p>\n<h1 style=\"text-align: center;\"><span style=\"font-family: Georgia; font-size: x-large; color: #0c6e8c;\"><b>Participer \u00e0 l&#8217;association<\/b><\/span><\/h1>\n<p>[\/et_pb_text][\/et_pb_column][\/et_pb_row][\/et_pb_section][et_pb_section fb_built=&#8221;1&#8243; _builder_version=&#8221;3.14&#8243; custom_padding=&#8221;0|0px|1px|0px|false|false&#8221;][et_pb_row custom_padding=&#8221;22px|0px|8px|0px|false|false&#8221; _builder_version=&#8221;3.14&#8243;][et_pb_column type=&#8221;1_3&#8243; _builder_version=&#8221;3.14&#8243; parallax=&#8221;off&#8221; parallax_method=&#8221;on&#8221;][et_pb_text _builder_version=&#8221;3.14&#8243; inline_fonts=&#8221;Georgia&#8221;]<\/p>\n<h1 style=\"text-align: center;\"><\/h1>\n<p>&nbsp;<\/p>\n<h1 style=\"text-align: center;\"><span style=\"font-family: Georgia; font-size: large;\"><b>Faites de cette association<\/b><\/span><\/h1>\n<h1 style=\"text-align: center;\"><span style=\"font-family: Georgia; font-size: large;\"><b>VOTRE association !<\/b><\/span><\/h1>\n<p>[\/et_pb_text][et_pb_text _builder_version=&#8221;3.14&#8243;]<\/p>\n<p style=\"text-align: center;\">Vous pouvez participer \u00e0 l&#8217;association de plein de mani\u00e8re diff\u00e9rente ! Selon votre profil, votre envie d&#8217;investissement, votre curiosit\u00e9 et votre envie de partager des moments avec les uns et les autres !<\/p>\n<p>[\/et_pb_text][\/et_pb_column][et_pb_column type=&#8221;1_3&#8243; _builder_version=&#8221;3.14&#8243; parallax=&#8221;off&#8221; parallax_method=&#8221;on&#8221;][et_pb_divider color=&#8221;#a5a5a5&#8243; divider_style=&#8221;dashed&#8221; _builder_version=&#8221;3.14&#8243;][\/et_pb_divider][et_pb_image src=&#8221;http:\/\/www.association-corecre.com\/wp-content\/uploads\/2022\/09\/Diapositive2.jpeg&#8221; _builder_version=&#8221;3.14&#8243; module_alignment=&#8221;center&#8221;][\/et_pb_image][et_pb_button button_url=&#8221;http:\/\/www.association-corecre.com\/index.php\/devenir-adherent\/&#8221; button_text=&#8221;Devenir adh\u00e9rent&#8221; button_alignment=&#8221;center&#8221; _builder_version=&#8221;3.14&#8243; custom_button=&#8221;on&#8221; button_text_size=&#8221;18px&#8221; button_text_color=&#8221;#000000&#8243; button_border_width=&#8221;3px&#8221; button_border_color=&#8221;#110d0d&#8221; button_border_radius=&#8221;33px&#8221; button_letter_spacing=&#8221;0px&#8221; button_font=&#8221;|700||||on|||&#8221; button_icon_color=&#8221;#000000&#8243; button_border_color_hover=&#8221;#518c96&#8243; button_letter_spacing_hover=&#8221;0px&#8221;][\/et_pb_button][\/et_pb_column][et_pb_column type=&#8221;1_3&#8243; _builder_version=&#8221;3.14&#8243; parallax=&#8221;off&#8221; parallax_method=&#8221;on&#8221;][et_pb_divider color=&#8221;#a5a5a5&#8243; divider_style=&#8221;dashed&#8221; _builder_version=&#8221;3.14&#8243;][\/et_pb_divider][et_pb_image src=&#8221;http:\/\/www.association-corecre.com\/wp-content\/uploads\/2022\/09\/Diapositive3.jpeg&#8221; _builder_version=&#8221;3.14&#8243; module_alignment=&#8221;center&#8221;][\/et_pb_image][et_pb_button button_url=&#8221;http:\/\/www.association-corecre.com\/index.php\/devenir-une-institution-partenaire\/&#8221; button_text=&#8221;Devenir une institution partenaire&#8221; button_alignment=&#8221;center&#8221; _builder_version=&#8221;3.14&#8243; custom_button=&#8221;on&#8221; button_text_size=&#8221;18px&#8221; button_text_color=&#8221;#000000&#8243; button_border_width=&#8221;3px&#8221; button_border_color=&#8221;#110d0d&#8221; button_border_radius=&#8221;33px&#8221; button_letter_spacing=&#8221;0px&#8221; button_font=&#8221;|700||||on|||&#8221; button_icon_color=&#8221;#000000&#8243; button_border_color_hover=&#8221;#b594b3&#8243; button_letter_spacing_hover=&#8221;0px&#8221;][\/et_pb_button][\/et_pb_column][\/et_pb_row][\/et_pb_section][et_pb_section fb_built=&#8221;1&#8243; _builder_version=&#8221;3.14&#8243; custom_padding=&#8221;6px|0px|54px|0px|false|false&#8221;][et_pb_row custom_padding=&#8221;24px|0px|27px|0px|false|false&#8221; _builder_version=&#8221;3.14&#8243;][et_pb_column type=&#8221;1_3&#8243; _builder_version=&#8221;3.14&#8243; parallax=&#8221;off&#8221; parallax_method=&#8221;on&#8221;][et_pb_divider color=&#8221;#a5a5a5&#8243; divider_style=&#8221;dashed&#8221; _builder_version=&#8221;3.14&#8243;][\/et_pb_divider][et_pb_image src=&#8221;http:\/\/www.association-corecre.com\/wp-content\/uploads\/2022\/09\/Diapositive4.jpeg&#8221; _builder_version=&#8221;3.14&#8243; module_alignment=&#8221;center&#8221;][\/et_pb_image][et_pb_button button_url=&#8221;http:\/\/www.association-corecre.com\/index.php\/faire-un-don\/&#8221; button_text=&#8221;Faire un don&#8221; button_alignment=&#8221;center&#8221; _builder_version=&#8221;3.14&#8243; custom_button=&#8221;on&#8221; button_text_size=&#8221;18px&#8221; button_text_color=&#8221;#000000&#8243; button_border_width=&#8221;3px&#8221; button_border_color=&#8221;#110d0d&#8221; button_border_radius=&#8221;33px&#8221; button_letter_spacing=&#8221;0px&#8221; button_font=&#8221;|700||||on|||&#8221; button_icon_color=&#8221;#000000&#8243; button_border_color_hover=&#8221;#518c96&#8243; button_letter_spacing_hover=&#8221;0px&#8221;][\/et_pb_button][\/et_pb_column][et_pb_column type=&#8221;1_3&#8243; _builder_version=&#8221;3.14&#8243; parallax=&#8221;off&#8221; parallax_method=&#8221;on&#8221;][et_pb_divider color=&#8221;#a5a5a5&#8243; divider_style=&#8221;dashed&#8221; _builder_version=&#8221;3.14&#8243;][\/et_pb_divider][et_pb_image src=&#8221;http:\/\/www.association-corecre.com\/wp-content\/uploads\/2022\/09\/Diapositive5.jpeg&#8221; _builder_version=&#8221;3.14&#8243; module_alignment=&#8221;center&#8221;][\/et_pb_image][et_pb_button button_url=&#8221;http:\/\/www.association-corecre.com\/index.php\/participez-aux-recherches\/&#8221; button_text=&#8221;Participer aux recherches&#8221; button_alignment=&#8221;center&#8221; _builder_version=&#8221;3.14&#8243; custom_button=&#8221;on&#8221; button_text_size=&#8221;18px&#8221; button_text_color=&#8221;#000000&#8243; button_border_width=&#8221;3px&#8221; button_border_color=&#8221;#110d0d&#8221; button_border_radius=&#8221;33px&#8221; button_letter_spacing=&#8221;0px&#8221; button_font=&#8221;|700||||on|||&#8221; button_icon_color=&#8221;#000000&#8243; button_border_color_hover=&#8221;#b594b3&#8243; button_letter_spacing_hover=&#8221;0px&#8221;][\/et_pb_button][\/et_pb_column][et_pb_column type=&#8221;1_3&#8243; _builder_version=&#8221;3.14&#8243; parallax=&#8221;off&#8221; parallax_method=&#8221;on&#8221;][et_pb_divider color=&#8221;#a5a5a5&#8243; divider_style=&#8221;dashed&#8221; _builder_version=&#8221;3.14&#8243;][\/et_pb_divider][et_pb_image src=&#8221;http:\/\/www.association-corecre.com\/wp-content\/uploads\/2022\/09\/Diapositive1.jpeg&#8221; _builder_version=&#8221;3.14&#8243;][\/et_pb_image][et_pb_button button_url=&#8221;http:\/\/www.association-corecre.com\/?page_id=5026&amp;et_fb=1&#8243; button_text=&#8221;Devenir b\u00e9n\u00e9vole&#8221; button_alignment=&#8221;center&#8221; _builder_version=&#8221;3.14&#8243; custom_button=&#8221;on&#8221; button_text_size=&#8221;18px&#8221; button_text_color=&#8221;#000000&#8243; button_border_width=&#8221;3px&#8221; button_border_color=&#8221;#110d0d&#8221; button_border_radius=&#8221;33px&#8221; button_letter_spacing=&#8221;0px&#8221; button_font=&#8221;|700||||on|||&#8221; button_icon_color=&#8221;#000000&#8243; button_border_color_hover=&#8221;#518c96&#8243; button_letter_spacing_hover=&#8221;0px&#8221;][\/et_pb_button][\/et_pb_column][\/et_pb_row][\/et_pb_section]<\/p>\n","protected":false},"excerpt":{"rendered":"<p>[et_pb_section fb_built=&#8221;1&#8243; _builder_version=&#8221;3.14&#8243; custom_padding=&#8221;2px|0px|0|0px|false|false&#8221;][et_pb_row custom_padding=&#8221;33px|0px|0|0px|false|false&#8221; _builder_version=&#8221;3.14&#8243;][et_pb_column type=&#8221;4_4&#8243; _builder_version=&#8221;3.14&#8243; parallax=&#8221;off&#8221; parallax_method=&#8221;on&#8221;][et_pb_text _builder_version=&#8221;3.14&#8243; inline_fonts=&#8221;Georgia&#8221;] Participer \u00e0 l&#8217;association [\/et_pb_text][\/et_pb_column][\/et_pb_row][\/et_pb_section][et_pb_section fb_built=&#8221;1&#8243; _builder_version=&#8221;3.14&#8243; custom_padding=&#8221;0|0px|1px|0px|false|false&#8221;][et_pb_row custom_padding=&#8221;22px|0px|8px|0px|false|false&#8221; _builder_version=&#8221;3.14&#8243;][et_pb_column type=&#8221;1_3&#8243; _builder_version=&#8221;3.14&#8243; parallax=&#8221;off&#8221; parallax_method=&#8221;on&#8221;][et_pb_text _builder_version=&#8221;3.14&#8243; inline_fonts=&#8221;Georgia&#8221;] &nbsp; Faites de cette association VOTRE association ! [\/et_pb_text][et_pb_text _builder_version=&#8221;3.14&#8243;] Vous pouvez participer \u00e0 l&#8217;association de plein de mani\u00e8re diff\u00e9rente ! Selon votre profil, votre envie d&#8217;investissement, votre [&hellip;]<\/p>\n","protected":false},"author":1,"featured_media":0,"parent":0,"menu_order":0,"comment_status":"closed","ping_status":"closed","template":"","meta":{"_exactmetrics_skip_tracking":false,"_exactmetrics_sitenote_active":false,"_exactmetrics_sitenote_note":"","_exactmetrics_sitenote_category":0,"_monsterinsights_skip_tracking":false,"_monsterinsights_sitenote_active":false,"_monsterinsights_sitenote_note":"","_monsterinsights_sitenote_category":0,"footnotes":""},"categories":[],"tags":[],"class_list":["post-5000","page","type-page","status-publish","hentry"],"_links":{"self":[{"href":"https:\/\/www.association-corecre.com\/index.php\/wp-json\/wp\/v2\/pages\/5000","targetHints":{"allow":["GET"]}}],"collection":[{"href":"https:\/\/www.association-corecre.com\/index.php\/wp-json\/wp\/v2\/pages"}],"about":[{"href":"https:\/\/www.association-corecre.com\/index.php\/wp-json\/wp\/v2\/types\/page"}],"author":[{"embeddable":true,"href":"https:\/\/www.association-corecre.com\/index.php\/wp-json\/wp\/v2\/users\/1"}],"replies":[{"embeddable":true,"href":"https:\/\/www.association-corecre.com\/index.php\/wp-json\/wp\/v2\/comments?post=5000"}],"version-history":[{"count":26,"href":"https:\/\/www.association-corecre.com\/index.php\/wp-json\/wp\/v2\/pages\/5000\/revisions"}],"predecessor-version":[{"id":6097,"href":"https:\/\/www.association-corecre.com\/index.php\/wp-json\/wp\/v2\/pages\/5000\/revisions\/6097"}],"wp:attachment":[{"href":"https:\/\/www.association-corecre.com\/index.php\/wp-json\/wp\/v2\/media?parent=5000"}],"wp:term":[{"taxonomy":"category","embeddable":true,"href":"https:\/\/www.association-corecre.com\/index.php\/wp-json\/wp\/v2\/categories?post=5000"},{"taxonomy":"post_tag","embeddable":true,"href":"https:\/\/www.association-corecre.com\/index.php\/wp-json\/wp\/v2\/tags?post=5000"}],"curies":[{"name":"wp","href":"https:\/\/api.w.org\/{rel}","templated":true}]}}