{"id":4839,"date":"2022-09-18T10:54:51","date_gmt":"2022-09-18T08:54:51","guid":{"rendered":"http:\/\/www.association-corecre.com\/?page_id=4839"},"modified":"2026-02-04T16:27:27","modified_gmt":"2026-02-04T15:27:27","slug":"devenir-adherent","status":"publish","type":"page","link":"https:\/\/www.association-corecre.com\/index.php\/devenir-adherent\/","title":{"rendered":"Devenir adh\u00e9rent"},"content":{"rendered":"<p>[et_pb_section fb_built=&#8221;1&#8243; _builder_version=&#8221;3.14&#8243; custom_padding=&#8221;0|0px|25px|0px|false|false&#8221;][et_pb_row custom_padding=&#8221;64px|0px|0|0px|false|false&#8221; _builder_version=&#8221;3.14&#8243;][et_pb_column type=&#8221;4_4&#8243; _builder_version=&#8221;3.14&#8243; parallax=&#8221;off&#8221; parallax_method=&#8221;on&#8221;][et_pb_text _builder_version=&#8221;3.14&#8243;]<\/p>\n<p style=\"text-align: center;\"><span style=\"font-size: x-large; color: #048c96;\"><strong>Devenir membre de l&#8217;association &#8211; adh\u00e9sion annuelle<\/strong><\/span><\/p>\n<p>[\/et_pb_text][\/et_pb_column][\/et_pb_row][\/et_pb_section][et_pb_section fb_built=&#8221;1&#8243; _builder_version=&#8221;3.14&#8243; background_image=&#8221;http:\/\/www.association-corecre.com\/wp-content\/uploads\/2022\/09\/Capture-decran-2022-09-18-a-11.09.46-e1663493122208.png&#8221; background_size=&#8221;contain&#8221; background_position=&#8221;top_left&#8221; custom_margin=&#8221;|||60px&#8221; custom_padding=&#8221;65px|38px|11px|0|false|false&#8221;][et_pb_row custom_padding=&#8221;5px|0px|27px|0px|false|false&#8221; _builder_version=&#8221;3.14&#8243;][et_pb_column type=&#8221;2_5&#8243; _builder_version=&#8221;3.14&#8243; parallax=&#8221;off&#8221; parallax_method=&#8221;on&#8221;][\/et_pb_column][et_pb_column type=&#8221;3_5&#8243; _builder_version=&#8221;3.14&#8243; parallax=&#8221;off&#8221; parallax_method=&#8221;on&#8221;][et_pb_text _builder_version=&#8221;3.14&#8243; max_width=&#8221;95%&#8221; module_alignment=&#8221;center&#8221; custom_margin=&#8221;13px|60px||&#8221; custom_margin_last_edited=&#8221;on|desktop&#8221;]<\/p>\n<p style=\"text-align: right;\"><em>&#8220;Une association est un groupement de personnes volontaires r\u00e9unies autour d\u2019un projet commun ou partageant des activit\u00e9s&#8221;.<\/em><\/p>\n<p style=\"text-align: right;\"><span style=\"font-size: 14px;\">Devenir membre du CoReCR\u00c9, c&#8217;est devenir un membre d&#8217;une communaut\u00e9 qui souhaite faire avancer la recherche sur le d\u00e9veloppement cognitif des enfants, et cr\u00e9er un pont entre la recherche fondamentale et l&#8217;application des r\u00e9sultats de celle-ci au sein de diff\u00e9rentes institutions p\u00e9dagogiques.<\/span><\/p>\n<p>[\/et_pb_text][\/et_pb_column][\/et_pb_row][\/et_pb_section][et_pb_section fb_built=&#8221;1&#8243; _builder_version=&#8221;3.14&#8243; custom_padding=&#8221;23px|0px|4px|0px|false|false&#8221;][et_pb_row custom_padding=&#8221;27px|0px|0|0px|false|false&#8221; _builder_version=&#8221;3.14&#8243;][et_pb_column type=&#8221;4_4&#8243; _builder_version=&#8221;3.14&#8243; parallax=&#8221;off&#8221; parallax_method=&#8221;on&#8221;][et_pb_divider color=&#8221;#8f8f8f&#8221; _builder_version=&#8221;3.14&#8243;][\/et_pb_divider][\/et_pb_column][\/et_pb_row][\/et_pb_section][et_pb_section fb_built=&#8221;1&#8243; _builder_version=&#8221;3.14&#8243; custom_padding=&#8221;16px|0px|6px|0px|false|false&#8221; top_divider_color=&#8221;rgba(0,0,0,0)&#8221; bottom_divider_color=&#8221;#ffffff&#8221;][et_pb_row custom_padding=&#8221;11px|0|14px|0px|false|false&#8221; _builder_version=&#8221;3.14&#8243;][et_pb_column type=&#8221;1_2&#8243; _builder_version=&#8221;3.14&#8243; parallax=&#8221;off&#8221; parallax_method=&#8221;on&#8221;][et_pb_text _builder_version=&#8221;3.14&#8243; max_width=&#8221;95%&#8221; module_alignment=&#8221;center&#8221;]<\/p>\n<p style=\"text-align: center;\"><span style=\"color: #048c96; font-size: large;\"><strong>Quels sont les avantages des adh\u00e9rents\u00a0<\/strong><\/span><span style=\"color: #048c96; font-size: large;\"><strong>de<\/strong><\/span><\/p>\n<p style=\"text-align: center;\"><span style=\"color: #048c96; font-size: large;\"><strong>l&#8217;association ?<\/strong><\/span><\/p>\n<p style=\"text-align: center;\">\n<ul>\n<li style=\"text-align: justify;\"><strong>S&#8217;informer et continuer d&#8217;apprendre :<\/strong> En b\u00e9n\u00e9ficiant de la newsletter mensuelle du Journal de m\u00e9diation scientifique du CoReCR\u00c9, des interviews r\u00e9guli\u00e8res de chercheurs mises en ligne, en b\u00e9n\u00e9ficiant d&#8217;invitations aux diff\u00e9rents \u00e9v\u00e8nements (les caf\u00e9s du labo \u00e0 l&#8217;\u00e9cole, le s\u00e9minaire annuel, etc),<\/li>\n<li style=\"text-align: justify;\"><strong>Participer aux discussions th\u00e9matiques<\/strong> qui feront l&#8217;objet de r\u00e9flexion de commission conjoncturelle (cf. r\u00e8glement int\u00e9rieur),<\/li>\n<li style=\"text-align: justify;\"><strong>Participer \u00e0 des projets de recherche<\/strong> en tant que professionnel sur le terrain, ou bien chercheur,<\/li>\n<li style=\"text-align: justify;\"><strong>B\u00e9n\u00e9ficier des derniers r\u00e9sultats scientifiques ainsi que du mat\u00e9riel qui pourra \u00eatre d\u00e9velopp\u00e9 au sein de l&#8217;association<\/strong>\u00a0dans votre pratique professionnelle si vous faites partie du monde de l&#8217;\u00e9ducation,<\/li>\n<li style=\"text-align: justify;\"><strong style=\"font-size: 14px;\">Voter<\/strong><span style=\"font-size: 14px;\"> \u00e0 l&#8217;assembler g\u00e9n\u00e9rale de l&#8217;association !<\/span><\/li>\n<\/ul>\n<p>&nbsp;<br \/>\n[\/et_pb_text][\/et_pb_column][et_pb_column type=&#8221;1_2&#8243; _builder_version=&#8221;3.14&#8243; parallax=&#8221;off&#8221; parallax_method=&#8221;on&#8221;][et_pb_text _builder_version=&#8221;3.14&#8243; max_width=&#8221;95%&#8221; module_alignment=&#8221;center&#8221;]<\/p>\n<p style=\"text-align: center;\"><span style=\"font-size: large; color: #048c96;\"><strong>Quels sont les frais de cotisation\u00a0<\/strong><\/span><\/p>\n<p style=\"text-align: center;\"><strong style=\"color: #048c96; font-size: large;\">annuelle ?\u00a0<\/strong><\/p>\n<p style=\"text-align: center;\">\n<p style=\"text-align: justify;\"><span style=\"font-size: 14px;\">Le CoReCR\u00c9 souhaite permettre \u00e0 chacun de s&#8217;informer, et de participer aux discussions, aux projets de recherche, ainsi qu&#8217;aux diff\u00e9rents \u00e9v\u00e8nements. Pour cela, les frais de cotisation annuelle ont \u00e9t\u00e9 <\/span><strong style=\"font-size: 14px;\">fix\u00e9s au plus bas<\/strong><span style=\"font-size: 14px;\">.\u00a0<\/span><strong style=\"font-size: 14px;\">Cependant<\/strong><span style=\"font-size: 14px;\">, <\/span><span style=\"font-size: 14px;\">Afin d&#8217;organiser les caf\u00e9s &#8220;du labo \u00e0 l&#8217;\u00e9cole&#8221; au sein desquels des sp\u00e9cialistes du d\u00e9veloppement de l&#8217;enfant, des neuro-scientifiques ou encore des chercheurs interviendront, \u00a0un s\u00e9minaire annuel permettant aux professionnels de la recherche et de l&#8217;enseignement d&#8217;interagir, ainsi que d&#8217;autres \u00e9v\u00e8nement, <\/span><strong style=\"font-size: 14px;\">l&#8217;association n\u00e9cessiterait une cotisation de 50 <\/strong><strong style=\"font-size: 14px;\">\u20ac par an, par personne<\/strong><span style=\"font-size: 14px;\">. Il est donc possible, au del\u00e0 des tarifs indiqu\u00e9s ci-dessous, de faire un don suppl\u00e9mentaire \u00e0 l&#8217;association !<\/span><\/p>\n<p><span style=\"color: #9c64ba;\"><em><strong>Adh\u00e9sion \u00e9tudiants (justificatif demand\u00e9)<\/strong> : 5\u00a0\u20ac la premi\u00e8re ann\u00e9e, 10\u00a0\u20ac les ann\u00e9es suivantes<\/em><\/span><\/p>\n<p><span style=\"color: #9c64ba;\"><em><strong>Professionnels d&#8217;une institution partenaire (justificatif demand\u00e9) :<\/strong> 5\u00a0\u20ac la premi\u00e8re ann\u00e9e, 10\u00a0\u20ac les ann\u00e9es suivantes<\/em><\/span><\/p>\n<p><span style=\"color: #9c64ba;\"><em><strong>Autre (curieux ou passionn\u00e9s !) :<\/strong>\u00a015\u00a0\u20ac la premi\u00e8re ann\u00e9e, 20 \u20ac les ann\u00e9es suivantes<\/em><\/span><br \/>\n[\/et_pb_text][\/et_pb_column][\/et_pb_row][\/et_pb_section][et_pb_section fb_built=&#8221;1&#8243; prev_background_color=&#8221;#ffffff&#8221; _builder_version=&#8221;3.14&#8243; background_color=&#8221;rgba(0,110,130,0.19)&#8221; custom_padding=&#8221;88px|0px|0|0px|false|false&#8221; top_divider_style=&#8221;arrow2&#8243;][et_pb_row custom_padding=&#8221;42px|0px|21px|0px|false|false&#8221; _builder_version=&#8221;3.14&#8243;][et_pb_column type=&#8221;4_4&#8243; _builder_version=&#8221;3.14&#8243; parallax=&#8221;off&#8221; parallax_method=&#8221;on&#8221;][et_pb_text _builder_version=&#8221;3.14&#8243; max_width=&#8221;95%&#8221; module_alignment=&#8221;center&#8221; text_font=&#8221;||||||||&#8221;]<\/p>\n<p style=\"text-align: center;\"><span style=\"font-size: large; color: #007fa5;\"><strong>Adh\u00e9rez maintenant pour l&#8217;ann\u00e9e 2026 !<\/strong><\/span><\/p>\n<p>&nbsp;<\/p>\n<p>[\/et_pb_text][et_pb_text _builder_version=&#8221;3.14&#8243;]<\/p>\n<p style=\"text-align: center;\"><span style=\"color: #000000;\"><strong>Vous pouvez adh\u00e9rez d\u00e8s maintenant en remplissant le formulaire ci-dessous ou en flashant le code barre ci-contre<\/strong><\/span><\/p>\n<p style=\"text-align: center;\"><span style=\"color: #000000;\"><strong>(les deux sont s\u00e9curis\u00e9s pour les acc\u00e8s banques).<\/strong><\/span><\/p>\n<p style=\"text-align: center;\"><span style=\"color: #383838;\">Il passera par le site HelloAsso qui est s\u00e9curis\u00e9, et d\u00e9velopp\u00e9 pour aider les associations comme la notre. Si vous pr\u00e9f\u00e9rez vous rendre directement sur notre campagne de don disponible sur\u00a0le site de la plateforme,\u00a0<\/span><a href=\"https:\/\/www.helloasso.com\/associations\/collectif-pour-la-reussite-et-la-creativite-dans-la-recherche-pour-l-education-corecre\/adhesions\/adhesion-2026\"><strong>vous pouvez cliquer ICI !<\/strong><\/a><\/p>\n<p>[\/et_pb_text][\/et_pb_column][\/et_pb_row][\/et_pb_section][et_pb_section fb_built=&#8221;1&#8243; specialty=&#8221;on&#8221; _builder_version=&#8221;3.14&#8243; background_color=&#8221;rgba(0,110,130,0.19)&#8221; custom_padding=&#8221;18px|0px|54px|0px|false|false&#8221;][et_pb_column type=&#8221;3_4&#8243; specialty_columns=&#8221;3&#8243; _builder_version=&#8221;3.0.47&#8243; parallax=&#8221;off&#8221; parallax_method=&#8221;on&#8221;][et_pb_row_inner custom_padding=&#8221;29.6875px|0px|168px|0px|false|false&#8221; _builder_version=&#8221;3.14&#8243;][et_pb_column_inner type=&#8221;4_4&#8243; saved_specialty_column_type=&#8221;3_4&#8243; _builder_version=&#8221;3.0.47&#8243; parallax=&#8221;off&#8221; parallax_method=&#8221;on&#8221;][et_pb_code _builder_version=&#8221;3.14&#8243;]&lt;iframe id=&quot;haWidget&quot; allowtransparency=&quot;true&quot; src=&quot;https:\/\/www.helloasso.com\/associations\/collectif-pour-la-reussite-et-la-creativite-dans-la-recherche-pour-l-education-corecre\/adhesions\/adhesion-2026\/widget&quot; style=&quot;width: 100%; border: none;&quot; onload=&quot;window.addEventListener( &#039;message&#039;, function(e) { const dataHeight = e.data.height; const haWidgetElement = document.getElementById(&#039;haWidget&#039;); haWidgetElement.height = dataHeight + &#039;px&#039;; } )&quot; &gt;&lt;\/iframe&gt;[\/et_pb_code][\/et_pb_column_inner][\/et_pb_row_inner][\/et_pb_column][et_pb_column type=&#8221;1_4&#8243; _builder_version=&#8221;3.0.47&#8243; parallax=&#8221;off&#8221; parallax_method=&#8221;on&#8221;][et_pb_image src=&#8221;http:\/\/www.association-corecre.com\/wp-content\/uploads\/2026\/01\/adhesion2026qrcode.png&#8221; _builder_version=&#8221;3.14&#8243;][\/et_pb_image][\/et_pb_column][\/et_pb_section][et_pb_section fb_built=&#8221;1&#8243; _builder_version=&#8221;3.14&#8243;][\/et_pb_section]<\/p>\n","protected":false},"excerpt":{"rendered":"<p>[et_pb_section fb_built=&#8221;1&#8243; _builder_version=&#8221;3.14&#8243; custom_padding=&#8221;0|0px|25px|0px|false|false&#8221;][et_pb_row custom_padding=&#8221;64px|0px|0|0px|false|false&#8221; _builder_version=&#8221;3.14&#8243;][et_pb_column type=&#8221;4_4&#8243; _builder_version=&#8221;3.14&#8243; parallax=&#8221;off&#8221; parallax_method=&#8221;on&#8221;][et_pb_text _builder_version=&#8221;3.14&#8243;] Devenir membre de l&#8217;association &#8211; adh\u00e9sion annuelle [\/et_pb_text][\/et_pb_column][\/et_pb_row][\/et_pb_section][et_pb_section fb_built=&#8221;1&#8243; _builder_version=&#8221;3.14&#8243; background_image=&#8221;http:\/\/www.association-corecre.com\/wp-content\/uploads\/2022\/09\/Capture-decran-2022-09-18-a-11.09.46-e1663493122208.png&#8221; background_size=&#8221;contain&#8221; background_position=&#8221;top_left&#8221; custom_margin=&#8221;|||60px&#8221; custom_padding=&#8221;65px|38px|11px|0|false|false&#8221;][et_pb_row custom_padding=&#8221;5px|0px|27px|0px|false|false&#8221; _builder_version=&#8221;3.14&#8243;][et_pb_column type=&#8221;2_5&#8243; _builder_version=&#8221;3.14&#8243; parallax=&#8221;off&#8221; parallax_method=&#8221;on&#8221;][\/et_pb_column][et_pb_column type=&#8221;3_5&#8243; _builder_version=&#8221;3.14&#8243; parallax=&#8221;off&#8221; parallax_method=&#8221;on&#8221;][et_pb_text _builder_version=&#8221;3.14&#8243; max_width=&#8221;95%&#8221; module_alignment=&#8221;center&#8221; custom_margin=&#8221;13px|60px||&#8221; custom_margin_last_edited=&#8221;on|desktop&#8221;] &#8220;Une association est un groupement de personnes volontaires r\u00e9unies autour d\u2019un projet commun ou [&hellip;]<\/p>\n","protected":false},"author":1,"featured_media":0,"parent":0,"menu_order":0,"comment_status":"closed","ping_status":"closed","template":"","meta":{"_exactmetrics_skip_tracking":false,"_exactmetrics_sitenote_active":false,"_exactmetrics_sitenote_note":"","_exactmetrics_sitenote_category":0,"_monsterinsights_skip_tracking":false,"_monsterinsights_sitenote_active":false,"_monsterinsights_sitenote_note":"","_monsterinsights_sitenote_category":0,"footnotes":""},"categories":[],"tags":[],"class_list":["post-4839","page","type-page","status-publish","hentry"],"_links":{"self":[{"href":"https:\/\/www.association-corecre.com\/index.php\/wp-json\/wp\/v2\/pages\/4839","targetHints":{"allow":["GET"]}}],"collection":[{"href":"https:\/\/www.association-corecre.com\/index.php\/wp-json\/wp\/v2\/pages"}],"about":[{"href":"https:\/\/www.association-corecre.com\/index.php\/wp-json\/wp\/v2\/types\/page"}],"author":[{"embeddable":true,"href":"https:\/\/www.association-corecre.com\/index.php\/wp-json\/wp\/v2\/users\/1"}],"replies":[{"embeddable":true,"href":"https:\/\/www.association-corecre.com\/index.php\/wp-json\/wp\/v2\/comments?post=4839"}],"version-history":[{"count":89,"href":"https:\/\/www.association-corecre.com\/index.php\/wp-json\/wp\/v2\/pages\/4839\/revisions"}],"predecessor-version":[{"id":6265,"href":"https:\/\/www.association-corecre.com\/index.php\/wp-json\/wp\/v2\/pages\/4839\/revisions\/6265"}],"wp:attachment":[{"href":"https:\/\/www.association-corecre.com\/index.php\/wp-json\/wp\/v2\/media?parent=4839"}],"wp:term":[{"taxonomy":"category","embeddable":true,"href":"https:\/\/www.association-corecre.com\/index.php\/wp-json\/wp\/v2\/categories?post=4839"},{"taxonomy":"post_tag","embeddable":true,"href":"https:\/\/www.association-corecre.com\/index.php\/wp-json\/wp\/v2\/tags?post=4839"}],"curies":[{"name":"wp","href":"https:\/\/api.w.org\/{rel}","templated":true}]}}