{"id":2764,"date":"2021-04-16T21:54:34","date_gmt":"2021-04-16T19:54:34","guid":{"rendered":"http:\/\/www.association-corecre.com\/?page_id=2764"},"modified":"2022-10-26T12:19:19","modified_gmt":"2022-10-26T10:19:19","slug":"le-journal-menu","status":"publish","type":"page","link":"https:\/\/www.association-corecre.com\/index.php\/le-journal-menu\/","title":{"rendered":"Journal &#038; diffusion scientifique"},"content":{"rendered":"<p>[et_pb_section fb_built=&#8221;1&#8243; _builder_version=&#8221;3.14&#8243; custom_padding=&#8221;2px|0px|0|0px|false|false&#8221;][et_pb_row custom_padding=&#8221;35px|0px|0|0px|false|false&#8221; _builder_version=&#8221;3.14&#8243;][et_pb_column type=&#8221;4_4&#8243; _builder_version=&#8221;3.14&#8243; parallax=&#8221;off&#8221; parallax_method=&#8221;on&#8221;][et_pb_text _builder_version=&#8221;3.14&#8243; inline_fonts=&#8221;Georgia&#8221;]<\/p>\n<h1 style=\"text-align: center;\"><span style=\"font-family: Georgia; font-size: x-large;\"><b>Journal &amp; diffusion scientifique au CoR\u00e9CR\u00c9<\/b><\/span><\/h1>\n<p>[\/et_pb_text][et_pb_divider color=&#8221;#a5a5a5&#8243; divider_style=&#8221;dashed&#8221; divider_position=&#8221;bottom&#8221; _builder_version=&#8221;3.14&#8243;][\/et_pb_divider][\/et_pb_column][\/et_pb_row][\/et_pb_section][et_pb_section fb_built=&#8221;1&#8243; _builder_version=&#8221;3.14&#8243; custom_padding=&#8221;9px|0px|0|0px|false|false&#8221;][et_pb_row custom_padding=&#8221;0|0px|0|0px|false|false&#8221; _builder_version=&#8221;3.14&#8243;][et_pb_column type=&#8221;1_2&#8243; _builder_version=&#8221;3.14&#8243; parallax=&#8221;off&#8221; parallax_method=&#8221;on&#8221;][et_pb_image src=&#8221;http:\/\/www.association-corecre.com\/wp-content\/uploads\/2022\/10\/4782178-scaled.jpg&#8221; _builder_version=&#8221;3.14&#8243; max_width=&#8221;97%&#8221; module_alignment=&#8221;center&#8221;][\/et_pb_image][et_pb_button button_url=&#8221;http:\/\/www.association-corecre.com\/index.php\/essai-blog\/&#8221; button_text=&#8221;Le journal de diffusion scientifique en ligne&#8221; button_alignment=&#8221;center&#8221; _builder_version=&#8221;3.14&#8243; custom_button=&#8221;on&#8221; button_text_size=&#8221;18px&#8221; button_text_color=&#8221;#000000&#8243; button_border_width=&#8221;3px&#8221; button_border_color=&#8221;#110d0d&#8221; button_border_radius=&#8221;33px&#8221; button_letter_spacing=&#8221;0px&#8221; button_font=&#8221;|700||||on|||&#8221; button_icon_color=&#8221;#000000&#8243; button_border_color_hover=&#8221;#b594b3&#8243; button_letter_spacing_hover=&#8221;0px&#8221;][\/et_pb_button][et_pb_text _builder_version=&#8221;3.14&#8243;]<\/p>\n<p style=\"text-align: center;\">Quels sont les derniers r\u00e9sultats de la sciences \u00e0 propos des th\u00e9matiques d&#8217;\u00e9ducation qui vous int\u00e9ressent ? D\u00e9couvrez-le en lisant les articles fraichement concoct\u00e9s du journal de diffusion scientifique du CoR\u00e9CR\u00c9 !<\/p>\n<p>[\/et_pb_text][et_pb_divider color=&#8221;#a5a5a5&#8243; divider_style=&#8221;dashed&#8221; _builder_version=&#8221;3.14&#8243;][\/et_pb_divider][\/et_pb_column][et_pb_column type=&#8221;1_2&#8243; _builder_version=&#8221;3.14&#8243; parallax=&#8221;off&#8221; parallax_method=&#8221;on&#8221;][et_pb_image src=&#8221;http:\/\/www.association-corecre.com\/wp-content\/uploads\/2022\/10\/Capture-decran-2022-10-26-a-12.13.59.png&#8221; _builder_version=&#8221;3.14&#8243; max_width=&#8221;97%&#8221;][\/et_pb_image][et_pb_button button_url=&#8221;http:\/\/www.association-corecre.com\/?page_id=5280&#038;et_fb=1&#8243; button_text=&#8221;Interviews de sp\u00e9cialistes&#8221; button_alignment=&#8221;center&#8221; _builder_version=&#8221;3.14&#8243; custom_button=&#8221;on&#8221; button_text_size=&#8221;18px&#8221; button_text_color=&#8221;#000000&#8243; button_border_width=&#8221;3px&#8221; button_border_color=&#8221;#110d0d&#8221; button_border_radius=&#8221;33px&#8221; button_letter_spacing=&#8221;0px&#8221; button_font=&#8221;|700||||on|||&#8221; button_icon_color=&#8221;#000000&#8243; button_border_color_hover=&#8221;#518c96&#8243; button_letter_spacing_hover=&#8221;0px&#8221;][\/et_pb_button][et_pb_text _builder_version=&#8221;3.14&#8243; max_width=&#8221;99%&#8221;]<\/p>\n<p style=\"text-align: center;\">Au sein de cette section, sont propos\u00e9es des d&#8217;interviews \u00e9crites de sp\u00e9cialistes et de chercheurs \u00e0 propos de th\u00e9matiques cibl\u00e9es ! Ces interviews sont directement li\u00e9es au \u00e9v\u00e8nement que nous avons organis\u00e9s !<\/p>\n<p>[\/et_pb_text][et_pb_divider color=&#8221;#a5a5a5&#8243; divider_style=&#8221;dashed&#8221; _builder_version=&#8221;3.14&#8243;][\/et_pb_divider][\/et_pb_column][\/et_pb_row][et_pb_row custom_padding=&#8221;0|0px|27px|0px|false|false&#8221; _builder_version=&#8221;3.14&#8243;][et_pb_column type=&#8221;1_2&#8243; _builder_version=&#8221;3.14&#8243; parallax=&#8221;off&#8221; parallax_method=&#8221;on&#8221;][et_pb_image src=&#8221;http:\/\/www.association-corecre.com\/wp-content\/uploads\/2022\/10\/20945809-scaled.jpg&#8221; _builder_version=&#8221;3.14&#8243; max_width=&#8221;99%&#8221;][\/et_pb_image][et_pb_button button_url=&#8221;http:\/\/www.association-corecre.com\/?page_id=5283&#038;et_fb=1&#8243; button_text=&#8221;Interviews des enfants et adolescents&#8221; button_alignment=&#8221;center&#8221; _builder_version=&#8221;3.14&#8243; custom_button=&#8221;on&#8221; button_text_size=&#8221;18px&#8221; button_text_color=&#8221;#000000&#8243; button_border_width=&#8221;3px&#8221; button_border_color=&#8221;#110d0d&#8221; button_border_radius=&#8221;33px&#8221; button_letter_spacing=&#8221;0px&#8221; button_font=&#8221;|700||||on|||&#8221; button_icon_color=&#8221;#000000&#8243; button_border_color_hover=&#8221;#518c96&#8243; button_letter_spacing_hover=&#8221;0px&#8221;][\/et_pb_button][et_pb_text _builder_version=&#8221;3.14&#8243; max_width=&#8221;99%&#8221;]<\/p>\n<p style=\"text-align: center;\">Cette section vise \u00e0 transmettre les conceptions na\u00efves (les id\u00e9es re\u00e7ues) des enfants et des adolescents \u00e0 propos d&#8217;\u00e9l\u00e9ments fondamentaux dans leur d\u00e9veloppement<\/p>\n<p>[\/et_pb_text][\/et_pb_column][et_pb_column type=&#8221;1_2&#8243; _builder_version=&#8221;3.14&#8243; parallax=&#8221;off&#8221; parallax_method=&#8221;on&#8221;][et_pb_image src=&#8221;http:\/\/www.association-corecre.com\/wp-content\/uploads\/2021\/04\/Capture-decran-2021-04-16-a-21.23.50.png&#8221; _builder_version=&#8221;3.14&#8243; max_width=&#8221;65%&#8221; module_alignment=&#8221;center&#8221;][\/et_pb_image][et_pb_button button_url=&#8221;http:\/\/www.association-corecre.com\/index.php\/femmes-sciences\/&#8221; button_text=&#8221;Luttons contre la discrimination en Sciences&#8221; button_alignment=&#8221;center&#8221; _builder_version=&#8221;3.14&#8243; custom_button=&#8221;on&#8221; button_text_size=&#8221;18px&#8221; button_text_color=&#8221;#000000&#8243; button_border_width=&#8221;3px&#8221; button_border_color=&#8221;#110d0d&#8221; button_border_radius=&#8221;33px&#8221; button_letter_spacing=&#8221;0px&#8221; button_font=&#8221;|700||||on|||&#8221; button_icon_color=&#8221;#000000&#8243; button_border_color_hover=&#8221;#b594b3&#8243; button_letter_spacing_hover=&#8221;0px&#8221;][\/et_pb_button][et_pb_text _builder_version=&#8221;3.14&#8243;]<\/p>\n<p style=\"text-align: center;\">Le CoR\u00e9CR\u00c9 s&#8217;engage dans le soutien contre les discriminations en sciences, et pr\u00e9sente des portraits de chercheurs qui d\u00e9fient ces discriminations au grand public et aux jeunes !<\/p>\n<p>[\/et_pb_text][\/et_pb_column][\/et_pb_row][et_pb_row custom_padding=&#8221;0|0px|27px|0px|false|false&#8221; _builder_version=&#8221;3.14&#8243;][et_pb_column type=&#8221;1_2&#8243; _builder_version=&#8221;3.14&#8243; parallax=&#8221;off&#8221; parallax_method=&#8221;on&#8221;][et_pb_divider color=&#8221;#a5a5a5&#8243; divider_style=&#8221;dashed&#8221; _builder_version=&#8221;3.14&#8243;][\/et_pb_divider][\/et_pb_column][et_pb_column type=&#8221;1_2&#8243; _builder_version=&#8221;3.14&#8243; parallax=&#8221;off&#8221; parallax_method=&#8221;on&#8221;][et_pb_divider color=&#8221;#a5a5a5&#8243; divider_style=&#8221;dashed&#8221; _builder_version=&#8221;3.14&#8243;][\/et_pb_divider][\/et_pb_column][\/et_pb_row][\/et_pb_section]<\/p>\n","protected":false},"excerpt":{"rendered":"<p>[et_pb_section fb_built=&#8221;1&#8243; _builder_version=&#8221;3.14&#8243; custom_padding=&#8221;2px|0px|0|0px|false|false&#8221;][et_pb_row custom_padding=&#8221;35px|0px|0|0px|false|false&#8221; _builder_version=&#8221;3.14&#8243;][et_pb_column type=&#8221;4_4&#8243; _builder_version=&#8221;3.14&#8243; parallax=&#8221;off&#8221; parallax_method=&#8221;on&#8221;][et_pb_text _builder_version=&#8221;3.14&#8243; inline_fonts=&#8221;Georgia&#8221;] Journal &amp; diffusion scientifique au CoR\u00e9CR\u00c9 [\/et_pb_text][et_pb_divider color=&#8221;#a5a5a5&#8243; divider_style=&#8221;dashed&#8221; divider_position=&#8221;bottom&#8221; _builder_version=&#8221;3.14&#8243;][\/et_pb_divider][\/et_pb_column][\/et_pb_row][\/et_pb_section][et_pb_section fb_built=&#8221;1&#8243; _builder_version=&#8221;3.14&#8243; custom_padding=&#8221;9px|0px|0|0px|false|false&#8221;][et_pb_row custom_padding=&#8221;0|0px|0|0px|false|false&#8221; _builder_version=&#8221;3.14&#8243;][et_pb_column type=&#8221;1_2&#8243; _builder_version=&#8221;3.14&#8243; parallax=&#8221;off&#8221; parallax_method=&#8221;on&#8221;][et_pb_image src=&#8221;http:\/\/www.association-corecre.com\/wp-content\/uploads\/2022\/10\/4782178-scaled.jpg&#8221; _builder_version=&#8221;3.14&#8243; max_width=&#8221;97%&#8221; module_alignment=&#8221;center&#8221;][\/et_pb_image][et_pb_button button_url=&#8221;http:\/\/www.association-corecre.com\/index.php\/essai-blog\/&#8221; button_text=&#8221;Le journal de diffusion scientifique en ligne&#8221; button_alignment=&#8221;center&#8221; _builder_version=&#8221;3.14&#8243; custom_button=&#8221;on&#8221; button_text_size=&#8221;18px&#8221; button_text_color=&#8221;#000000&#8243; button_border_width=&#8221;3px&#8221; button_border_color=&#8221;#110d0d&#8221; button_border_radius=&#8221;33px&#8221; button_letter_spacing=&#8221;0px&#8221; button_font=&#8221;|700||||on|||&#8221; button_icon_color=&#8221;#000000&#8243; [&hellip;]<\/p>\n","protected":false},"author":1,"featured_media":0,"parent":0,"menu_order":0,"comment_status":"closed","ping_status":"closed","template":"","meta":{"_exactmetrics_skip_tracking":false,"_exactmetrics_sitenote_active":false,"_exactmetrics_sitenote_note":"","_exactmetrics_sitenote_category":0,"_monsterinsights_skip_tracking":false,"_monsterinsights_sitenote_active":false,"_monsterinsights_sitenote_note":"","_monsterinsights_sitenote_category":0,"footnotes":""},"categories":[],"tags":[],"class_list":["post-2764","page","type-page","status-publish","hentry"],"_links":{"self":[{"href":"https:\/\/www.association-corecre.com\/index.php\/wp-json\/wp\/v2\/pages\/2764","targetHints":{"allow":["GET"]}}],"collection":[{"href":"https:\/\/www.association-corecre.com\/index.php\/wp-json\/wp\/v2\/pages"}],"about":[{"href":"https:\/\/www.association-corecre.com\/index.php\/wp-json\/wp\/v2\/types\/page"}],"author":[{"embeddable":true,"href":"https:\/\/www.association-corecre.com\/index.php\/wp-json\/wp\/v2\/users\/1"}],"replies":[{"embeddable":true,"href":"https:\/\/www.association-corecre.com\/index.php\/wp-json\/wp\/v2\/comments?post=2764"}],"version-history":[{"count":39,"href":"https:\/\/www.association-corecre.com\/index.php\/wp-json\/wp\/v2\/pages\/2764\/revisions"}],"predecessor-version":[{"id":5312,"href":"https:\/\/www.association-corecre.com\/index.php\/wp-json\/wp\/v2\/pages\/2764\/revisions\/5312"}],"wp:attachment":[{"href":"https:\/\/www.association-corecre.com\/index.php\/wp-json\/wp\/v2\/media?parent=2764"}],"wp:term":[{"taxonomy":"category","embeddable":true,"href":"https:\/\/www.association-corecre.com\/index.php\/wp-json\/wp\/v2\/categories?post=2764"},{"taxonomy":"post_tag","embeddable":true,"href":"https:\/\/www.association-corecre.com\/index.php\/wp-json\/wp\/v2\/tags?post=2764"}],"curies":[{"name":"wp","href":"https:\/\/api.w.org\/{rel}","templated":true}]}}