{"id":2724,"date":"2021-04-16T20:14:57","date_gmt":"2021-04-16T18:14:57","guid":{"rendered":"http:\/\/www.association-corecre.com\/?page_id=2724"},"modified":"2026-03-16T14:46:52","modified_gmt":"2026-03-16T13:46:52","slug":"les-evenements-ok","status":"publish","type":"page","link":"https:\/\/www.association-corecre.com\/index.php\/les-evenements-ok\/","title":{"rendered":"Les \u00e9v\u00e8nements"},"content":{"rendered":"<p>[et_pb_section fb_built=&#8221;1&#8243; _builder_version=&#8221;3.14&#8243; custom_padding=&#8221;2px|0px|4px|0px|false|false&#8221;][et_pb_row custom_padding=&#8221;27px|0px|14px|0px|false|false&#8221; _builder_version=&#8221;3.14&#8243;][et_pb_column type=&#8221;4_4&#8243; _builder_version=&#8221;3.14&#8243; parallax=&#8221;off&#8221; parallax_method=&#8221;on&#8221;][et_pb_text _builder_version=&#8221;3.14&#8243; inline_fonts=&#8221;Georgia&#8221;]<\/p>\n<h1 style=\"text-align: center;\"><span style=\"font-family: Georgia; font-size: x-large;\"><b>Les \u00e9v\u00e8nements du CoR\u00e9CR\u00c9<\/b><\/span><\/h1>\n<p>[\/et_pb_text][\/et_pb_column][\/et_pb_row][\/et_pb_section][et_pb_section fb_built=&#8221;1&#8243; _builder_version=&#8221;3.14&#8243; custom_padding=&#8221;0|0px|0|0px|false|false&#8221;][et_pb_row custom_padding=&#8221;0|0px|27px|0px|false|false&#8221; _builder_version=&#8221;3.14&#8243;][et_pb_column type=&#8221;4_4&#8243; _builder_version=&#8221;3.14&#8243; parallax=&#8221;off&#8221; parallax_method=&#8221;on&#8221;][et_pb_nextend_smart_slider_3 slider=&#8221;28&#8243; _builder_version=&#8221;3.14&#8243;][\/et_pb_nextend_smart_slider_3][\/et_pb_column][\/et_pb_row][\/et_pb_section][et_pb_section fb_built=&#8221;1&#8243; _builder_version=&#8221;3.14&#8243; custom_padding=&#8221;22px|0px|23px|0px|false|false&#8221;][et_pb_row custom_padding=&#8221;3px|0px|0|0px|false|false&#8221; _builder_version=&#8221;3.14&#8243;][et_pb_column type=&#8221;4_4&#8243; _builder_version=&#8221;3.14&#8243; parallax=&#8221;off&#8221; parallax_method=&#8221;on&#8221;][et_pb_text _builder_version=&#8221;3.14&#8243; inline_fonts=&#8221;Georgia&#8221;]<\/p>\n<p style=\"text-align: center;\"><span style=\"font-size: x-large;\"><strong><span style=\"font-family: Georgia; color: #000000;\">Pour aller plus loin &#8230;<\/span><\/strong><\/span><\/p>\n<p>[\/et_pb_text][\/et_pb_column][\/et_pb_row][\/et_pb_section][et_pb_section fb_built=&#8221;1&#8243; _builder_version=&#8221;3.14&#8243; custom_padding=&#8221;9px|0px|54px|0px|false|false&#8221;][et_pb_row _builder_version=&#8221;3.14&#8243;][et_pb_column type=&#8221;1_2&#8243; _builder_version=&#8221;3.14&#8243; parallax=&#8221;off&#8221; parallax_method=&#8221;on&#8221;][et_pb_image src=&#8221;http:\/\/www.association-corecre.com\/wp-content\/uploads\/2021\/04\/video-conference-6127000_1920.jpg&#8221; _builder_version=&#8221;3.14&#8243; max_width=&#8221;87%&#8221; module_alignment=&#8221;center&#8221;][\/et_pb_image][et_pb_button button_url=&#8221;http:\/\/www.association-corecre.com\/index.php\/les-cociliabules-de-la-recre\/?et_fb=1&#8243; button_text=&#8221;Les co&#8217;ciliabules de la R\u00e9CR\u00c9&#8221; button_alignment=&#8221;center&#8221; _builder_version=&#8221;3.14&#8243; custom_button=&#8221;on&#8221; button_text_size=&#8221;22px&#8221; button_text_color=&#8221;#000000&#8243; button_border_width=&#8221;3px&#8221; button_border_color=&#8221;#110d0d&#8221; button_border_radius=&#8221;33px&#8221; button_letter_spacing=&#8221;0px&#8221; button_font=&#8221;|700||||on|||&#8221; button_icon_color=&#8221;#000000&#8243; button_border_color_hover=&#8221;#b594b3&#8243; button_letter_spacing_hover=&#8221;0px&#8221;][\/et_pb_button][\/et_pb_column][et_pb_column type=&#8221;1_2&#8243; _builder_version=&#8221;3.14&#8243; parallax=&#8221;off&#8221; parallax_method=&#8221;on&#8221;][et_pb_image src=&#8221;http:\/\/www.association-corecre.com\/wp-content\/uploads\/2026\/03\/ChatGPT-Image-16-mars-2026-a-12_25_48.png&#8221; url=&#8221;https:\/\/www.association-corecre.com\/?page_id=6295&#038;et_fb=1&#8243; _builder_version=&#8221;3.14&#8243; max_width=&#8221;87%&#8221; module_alignment=&#8221;center&#8221;][\/et_pb_image][et_pb_button button_url=&#8221;https:\/\/www.association-corecre.com\/?page_id=6295&#038;et_fb=1&#8243; button_text=&#8221;Les co&#8217;lectures de bouquins&#8221; button_alignment=&#8221;center&#8221; _builder_version=&#8221;3.14&#8243; custom_button=&#8221;on&#8221; button_text_size=&#8221;22px&#8221; button_text_color=&#8221;#000000&#8243; button_border_width=&#8221;3px&#8221; button_border_color=&#8221;#110d0d&#8221; button_border_radius=&#8221;33px&#8221; button_letter_spacing=&#8221;0px&#8221; button_font=&#8221;|700||||on|||&#8221; button_icon_color=&#8221;#000000&#8243; button_border_color_hover=&#8221;#b594b3&#8243; button_letter_spacing_hover=&#8221;0px&#8221;][\/et_pb_button][\/et_pb_column][\/et_pb_row][et_pb_row _builder_version=&#8221;3.14&#8243;][et_pb_column type=&#8221;1_2&#8243; _builder_version=&#8221;3.14&#8243; parallax=&#8221;off&#8221; parallax_method=&#8221;on&#8221;][et_pb_image src=&#8221;http:\/\/www.association-corecre.com\/wp-content\/uploads\/2021\/02\/rubiks-cube-2583645_1280.png&#8221; _builder_version=&#8221;3.14&#8243;][\/et_pb_image][et_pb_button button_url=&#8221;http:\/\/www.association-corecre.com\/index.php\/coaction-avec-dautres-associations\/&#8221; button_text=&#8221;Co&#8217;actions avec d&#8217;autres associations&#8221; button_alignment=&#8221;center&#8221; _builder_version=&#8221;3.14&#8243; custom_button=&#8221;on&#8221; button_text_size=&#8221;22px&#8221; button_text_color=&#8221;#000000&#8243; button_border_width=&#8221;3px&#8221; button_border_color=&#8221;#110d0d&#8221; button_border_radius=&#8221;33px&#8221; button_letter_spacing=&#8221;0px&#8221; button_font=&#8221;|700||||on|||&#8221; button_icon_color=&#8221;#000000&#8243; button_border_color_hover=&#8221;#518c96&#8243; button_letter_spacing_hover=&#8221;0px&#8221;][\/et_pb_button][\/et_pb_column][et_pb_column type=&#8221;1_2&#8243; _builder_version=&#8221;3.14&#8243; parallax=&#8221;off&#8221; parallax_method=&#8221;on&#8221;][\/et_pb_column][\/et_pb_row][\/et_pb_section]<\/p>\n","protected":false},"excerpt":{"rendered":"<p>[et_pb_section fb_built=&#8221;1&#8243; _builder_version=&#8221;3.14&#8243; custom_padding=&#8221;2px|0px|4px|0px|false|false&#8221;][et_pb_row custom_padding=&#8221;27px|0px|14px|0px|false|false&#8221; _builder_version=&#8221;3.14&#8243;][et_pb_column type=&#8221;4_4&#8243; _builder_version=&#8221;3.14&#8243; parallax=&#8221;off&#8221; parallax_method=&#8221;on&#8221;][et_pb_text _builder_version=&#8221;3.14&#8243; inline_fonts=&#8221;Georgia&#8221;] Les \u00e9v\u00e8nements du CoR\u00e9CR\u00c9 [\/et_pb_text][\/et_pb_column][\/et_pb_row][\/et_pb_section][et_pb_section fb_built=&#8221;1&#8243; _builder_version=&#8221;3.14&#8243; custom_padding=&#8221;0|0px|0|0px|false|false&#8221;][et_pb_row custom_padding=&#8221;0|0px|27px|0px|false|false&#8221; _builder_version=&#8221;3.14&#8243;][et_pb_column type=&#8221;4_4&#8243; _builder_version=&#8221;3.14&#8243; parallax=&#8221;off&#8221; parallax_method=&#8221;on&#8221;][et_pb_nextend_smart_slider_3 slider=&#8221;28&#8243; _builder_version=&#8221;3.14&#8243;][\/et_pb_nextend_smart_slider_3][\/et_pb_column][\/et_pb_row][\/et_pb_section][et_pb_section fb_built=&#8221;1&#8243; _builder_version=&#8221;3.14&#8243; custom_padding=&#8221;22px|0px|23px|0px|false|false&#8221;][et_pb_row custom_padding=&#8221;3px|0px|0|0px|false|false&#8221; _builder_version=&#8221;3.14&#8243;][et_pb_column type=&#8221;4_4&#8243; _builder_version=&#8221;3.14&#8243; parallax=&#8221;off&#8221; parallax_method=&#8221;on&#8221;][et_pb_text _builder_version=&#8221;3.14&#8243; inline_fonts=&#8221;Georgia&#8221;] Pour aller plus loin &#8230; [\/et_pb_text][\/et_pb_column][\/et_pb_row][\/et_pb_section][et_pb_section fb_built=&#8221;1&#8243; _builder_version=&#8221;3.14&#8243; custom_padding=&#8221;9px|0px|54px|0px|false|false&#8221;][et_pb_row _builder_version=&#8221;3.14&#8243;][et_pb_column type=&#8221;1_2&#8243; _builder_version=&#8221;3.14&#8243; parallax=&#8221;off&#8221; parallax_method=&#8221;on&#8221;][et_pb_image src=&#8221;http:\/\/www.association-corecre.com\/wp-content\/uploads\/2021\/04\/video-conference-6127000_1920.jpg&#8221; _builder_version=&#8221;3.14&#8243; [&hellip;]<\/p>\n","protected":false},"author":1,"featured_media":0,"parent":0,"menu_order":0,"comment_status":"closed","ping_status":"closed","template":"","meta":{"_exactmetrics_skip_tracking":false,"_exactmetrics_sitenote_active":false,"_exactmetrics_sitenote_note":"","_exactmetrics_sitenote_category":0,"_monsterinsights_skip_tracking":false,"_monsterinsights_sitenote_active":false,"_monsterinsights_sitenote_note":"","_monsterinsights_sitenote_category":0,"footnotes":""},"categories":[],"tags":[],"class_list":["post-2724","page","type-page","status-publish","hentry"],"_links":{"self":[{"href":"https:\/\/www.association-corecre.com\/index.php\/wp-json\/wp\/v2\/pages\/2724","targetHints":{"allow":["GET"]}}],"collection":[{"href":"https:\/\/www.association-corecre.com\/index.php\/wp-json\/wp\/v2\/pages"}],"about":[{"href":"https:\/\/www.association-corecre.com\/index.php\/wp-json\/wp\/v2\/types\/page"}],"author":[{"embeddable":true,"href":"https:\/\/www.association-corecre.com\/index.php\/wp-json\/wp\/v2\/users\/1"}],"replies":[{"embeddable":true,"href":"https:\/\/www.association-corecre.com\/index.php\/wp-json\/wp\/v2\/comments?post=2724"}],"version-history":[{"count":18,"href":"https:\/\/www.association-corecre.com\/index.php\/wp-json\/wp\/v2\/pages\/2724\/revisions"}],"predecessor-version":[{"id":6371,"href":"https:\/\/www.association-corecre.com\/index.php\/wp-json\/wp\/v2\/pages\/2724\/revisions\/6371"}],"wp:attachment":[{"href":"https:\/\/www.association-corecre.com\/index.php\/wp-json\/wp\/v2\/media?parent=2724"}],"wp:term":[{"taxonomy":"category","embeddable":true,"href":"https:\/\/www.association-corecre.com\/index.php\/wp-json\/wp\/v2\/categories?post=2724"},{"taxonomy":"post_tag","embeddable":true,"href":"https:\/\/www.association-corecre.com\/index.php\/wp-json\/wp\/v2\/tags?post=2724"}],"curies":[{"name":"wp","href":"https:\/\/api.w.org\/{rel}","templated":true}]}}