{"id":2575,"date":"2021-03-12T11:07:18","date_gmt":"2021-03-12T10:07:18","guid":{"rendered":"http:\/\/www.association-corecre.com\/?page_id=2575"},"modified":"2022-09-18T16:59:20","modified_gmt":"2022-09-18T14:59:20","slug":"luttons-contre-les-discriminations-en-sciences","status":"publish","type":"page","link":"https:\/\/www.association-corecre.com\/index.php\/luttons-contre-les-discriminations-en-sciences\/","title":{"rendered":"Luttons contre les discriminations en sciences"},"content":{"rendered":"<p>[et_pb_section fb_built=&#8221;1&#8243; _builder_version=&#8221;3.14&#8243; custom_padding=&#8221;32px|0px|0|0px|false|false&#8221;][et_pb_row _builder_version=&#8221;3.14&#8243;][et_pb_column type=&#8221;1_3&#8243; _builder_version=&#8221;3.14&#8243; parallax=&#8221;off&#8221; parallax_method=&#8221;on&#8221;][et_pb_text _builder_version=&#8221;3.14&#8243; inline_fonts=&#8221;Georgia&#8221;]<\/p>\n<h1 style=\"text-align: center;\"><b style=\"color: #59018c; font-family: Georgia; font-size: x-large;\">Luttons contre les Discriminations<\/b><\/h1>\n<h1 style=\"text-align: center;\"><span color=\"#59018c\" face=\"Georgia\" size=\"5\" style=\"color: #59018c; font-family: Georgia; font-size: x-large;\"><span style=\"caret-color: #59018c;\">en\u00a0<\/span><\/span><span style=\"font-family: Georgia; font-size: x-large; color: #59018c;\"><b>Sciences<\/b><\/span><\/h1>\n<p>[\/et_pb_text][et_pb_text _builder_version=&#8221;3.14&#8243;][\/et_pb_text][\/et_pb_column][et_pb_column type=&#8221;2_3&#8243; _builder_version=&#8221;3.14&#8243; parallax=&#8221;off&#8221; parallax_method=&#8221;on&#8221;][et_pb_text _builder_version=&#8221;3.14&#8243; inline_fonts=&#8221;Georgia&#8221;]<\/p>\n<h2 style=\"text-align: left;\"><span style=\"font-family: inherit; font-weight: normal; font-size: small; color: #666666;\">Le CoR\u00e9CR\u00c9 est une association de\u00a0diffusion\u00a0scientifique, \u00e0 destination du grand public mais aussi et surtout des jeunes ! Il nous appara\u00eet alors primordial de montrer que <strong>les discriminations n&#8217;ont pas leur place au sein des sciences<\/strong>, et que de nombreux chercheur.se.s d\u00e9fient les st\u00e9r\u00e9otypes \/ id\u00e9es re\u00e7ues ! <\/span><span style=\"font-family: inherit; font-size: small; font-weight: normal; color: #666666;\">D\u00e9couvrez cette section du journal enti\u00e8rement d\u00e9di\u00e9 aux <strong>portraits d&#8217;incroyables hommes et femmes de sciences<\/strong>\u00a0!<\/span><\/h2>\n<p>[\/et_pb_text][\/et_pb_column][\/et_pb_row][et_pb_row _builder_version=&#8221;3.14&#8243;][et_pb_column type=&#8221;4_4&#8243; _builder_version=&#8221;3.14&#8243; parallax=&#8221;off&#8221; parallax_method=&#8221;on&#8221;][et_pb_divider color=&#8221;#000000&#8243; _builder_version=&#8221;3.14&#8243;][\/et_pb_divider][\/et_pb_column][\/et_pb_row][\/et_pb_section][et_pb_section fb_built=&#8221;1&#8243; _builder_version=&#8221;3.14&#8243; background_color=&#8221;#f2f2ff&#8221; border_width_all=&#8221;1px&#8221; border_color_all=&#8221;#a0a0ff&#8221; custom_padding=&#8221;4px|0px|0|0px|false|false&#8221;][et_pb_row custom_padding=&#8221;27px|0px|33px|0px|false|false&#8221; _builder_version=&#8221;3.14&#8243;][et_pb_column type=&#8221;4_4&#8243; _builder_version=&#8221;3.14&#8243; parallax=&#8221;off&#8221; parallax_method=&#8221;on&#8221;][et_pb_text _builder_version=&#8221;3.14&#8243; inline_fonts=&#8221;Alegreya,Georgia&#8221;]<\/p>\n<h4><span style=\"color: #993366; font-size: x-large; font-family: Georgia; font-weight: normal;\"><strong>FEMMES &amp; SCIENCES\u00a0<\/strong><\/span><\/h4>\n<p>[\/et_pb_text][et_pb_text _builder_version=&#8221;3.14&#8243;]<\/p>\n<h4 style=\"padding-left: 90px;\"><span style=\"color: rgba(26, 0, 79, 0.54902);\"><strong>MARIAN DIAMOND &#8211; et la naissance de la neuroplasticit\u00e9<\/strong><\/span><\/h4>\n<p>[\/et_pb_text][\/et_pb_column][\/et_pb_row][et_pb_row custom_padding=&#8221;4px|0px|27px|0px|false|false&#8221; _builder_version=&#8221;3.14&#8243;][et_pb_column type=&#8221;1_4&#8243; _builder_version=&#8221;3.14&#8243; parallax=&#8221;off&#8221; parallax_method=&#8221;on&#8221;][\/et_pb_column][et_pb_column type=&#8221;1_4&#8243; _builder_version=&#8221;3.14&#8243; parallax=&#8221;off&#8221; parallax_method=&#8221;on&#8221;][et_pb_image src=&#8221;http:\/\/www.association-corecre.com\/wp-content\/uploads\/2021\/03\/Capture-decran-2021-03-12-a-10.48.49.png&#8221; url=&#8221;http:\/\/www.association-corecre.com\/index.php\/2021\/03\/09\/femme-de-science-presentation-de-marian-diamond\/&#8221; _builder_version=&#8221;3.14&#8243; border_width_all=&#8221;1px&#8221; border_color_all=&#8221;#c6c6c6&#8243;][\/et_pb_image][\/et_pb_column][et_pb_column type=&#8221;1_4&#8243; _builder_version=&#8221;3.14&#8243; parallax=&#8221;off&#8221; parallax_method=&#8221;on&#8221;][et_pb_image src=&#8221;http:\/\/www.association-corecre.com\/wp-content\/uploads\/2021\/03\/Capture-decran-2021-03-12-a-10.46.00.png&#8221; url=&#8221;http:\/\/www.association-corecre.com\/index.php\/2021\/03\/09\/marian-diamond-incroyable-enseignante\/&#8221; _builder_version=&#8221;3.14&#8243; border_width_all=&#8221;1px&#8221; border_color_all=&#8221;#c6c6c6&#8243;][\/et_pb_image][\/et_pb_column][et_pb_column type=&#8221;1_4&#8243; _builder_version=&#8221;3.14&#8243; parallax=&#8221;off&#8221; parallax_method=&#8221;on&#8221;][et_pb_image src=&#8221;http:\/\/www.association-corecre.com\/wp-content\/uploads\/2021\/03\/Capture-decran-2021-03-12-a-10.45.53.png&#8221; url=&#8221;http:\/\/www.association-corecre.com\/index.php\/2021\/03\/09\/superbe-reportage-sur-marian-diamond\/&#8221; _builder_version=&#8221;3.14&#8243; border_width_all=&#8221;1px&#8221; border_color_all=&#8221;#c6c6c6&#8243;][\/et_pb_image][\/et_pb_column][\/et_pb_row][\/et_pb_section]<\/p>\n","protected":false},"excerpt":{"rendered":"<p>[et_pb_section fb_built=&#8221;1&#8243; _builder_version=&#8221;3.14&#8243; custom_padding=&#8221;32px|0px|0|0px|false|false&#8221;][et_pb_row _builder_version=&#8221;3.14&#8243;][et_pb_column type=&#8221;1_3&#8243; _builder_version=&#8221;3.14&#8243; parallax=&#8221;off&#8221; parallax_method=&#8221;on&#8221;][et_pb_text _builder_version=&#8221;3.14&#8243; inline_fonts=&#8221;Georgia&#8221;] Luttons contre les Discriminations en\u00a0Sciences [\/et_pb_text][et_pb_text _builder_version=&#8221;3.14&#8243;][\/et_pb_text][\/et_pb_column][et_pb_column type=&#8221;2_3&#8243; _builder_version=&#8221;3.14&#8243; parallax=&#8221;off&#8221; parallax_method=&#8221;on&#8221;][et_pb_text _builder_version=&#8221;3.14&#8243; inline_fonts=&#8221;Georgia&#8221;] Le CoR\u00e9CR\u00c9 est une association de\u00a0diffusion\u00a0scientifique, \u00e0 destination du grand public mais aussi et surtout des jeunes ! Il nous appara\u00eet alors primordial de montrer que les discriminations n&#8217;ont pas leur [&hellip;]<\/p>\n","protected":false},"author":1,"featured_media":0,"parent":0,"menu_order":0,"comment_status":"closed","ping_status":"closed","template":"","meta":{"_exactmetrics_skip_tracking":false,"_exactmetrics_sitenote_active":false,"_exactmetrics_sitenote_note":"","_exactmetrics_sitenote_category":0,"_monsterinsights_skip_tracking":false,"_monsterinsights_sitenote_active":false,"_monsterinsights_sitenote_note":"","_monsterinsights_sitenote_category":0,"footnotes":""},"categories":[],"tags":[],"class_list":["post-2575","page","type-page","status-publish","hentry"],"_links":{"self":[{"href":"https:\/\/www.association-corecre.com\/index.php\/wp-json\/wp\/v2\/pages\/2575","targetHints":{"allow":["GET"]}}],"collection":[{"href":"https:\/\/www.association-corecre.com\/index.php\/wp-json\/wp\/v2\/pages"}],"about":[{"href":"https:\/\/www.association-corecre.com\/index.php\/wp-json\/wp\/v2\/types\/page"}],"author":[{"embeddable":true,"href":"https:\/\/www.association-corecre.com\/index.php\/wp-json\/wp\/v2\/users\/1"}],"replies":[{"embeddable":true,"href":"https:\/\/www.association-corecre.com\/index.php\/wp-json\/wp\/v2\/comments?post=2575"}],"version-history":[{"count":23,"href":"https:\/\/www.association-corecre.com\/index.php\/wp-json\/wp\/v2\/pages\/2575\/revisions"}],"predecessor-version":[{"id":5136,"href":"https:\/\/www.association-corecre.com\/index.php\/wp-json\/wp\/v2\/pages\/2575\/revisions\/5136"}],"wp:attachment":[{"href":"https:\/\/www.association-corecre.com\/index.php\/wp-json\/wp\/v2\/media?parent=2575"}],"wp:term":[{"taxonomy":"category","embeddable":true,"href":"https:\/\/www.association-corecre.com\/index.php\/wp-json\/wp\/v2\/categories?post=2575"},{"taxonomy":"post_tag","embeddable":true,"href":"https:\/\/www.association-corecre.com\/index.php\/wp-json\/wp\/v2\/tags?post=2575"}],"curies":[{"name":"wp","href":"https:\/\/api.w.org\/{rel}","templated":true}]}}