{"id":1863,"date":"2020-08-31T12:31:30","date_gmt":"2020-08-31T10:31:30","guid":{"rendered":"http:\/\/anaellecamarda.com\/?page_id=1863"},"modified":"2022-09-18T17:07:42","modified_gmt":"2022-09-18T15:07:42","slug":"contact-31-aout","status":"publish","type":"page","link":"https:\/\/www.association-corecre.com\/index.php\/contact-31-aout\/","title":{"rendered":"Contact"},"content":{"rendered":"<p>[et_pb_section fb_built=&#8221;1&#8243; specialty=&#8221;on&#8221; _builder_version=&#8221;3.14&#8243;][et_pb_column type=&#8221;1_2&#8243; specialty_columns=&#8221;2&#8243; _builder_version=&#8221;3.0.47&#8243; parallax=&#8221;off&#8221; parallax_method=&#8221;on&#8221;][et_pb_row_inner _builder_version=&#8221;3.14&#8243; border_width_right=&#8221;1px&#8221;][et_pb_column_inner type=&#8221;4_4&#8243; saved_specialty_column_type=&#8221;1_2&#8243; _builder_version=&#8221;3.0.47&#8243; parallax=&#8221;off&#8221; parallax_method=&#8221;on&#8221;][et_pb_text _builder_version=&#8221;3.14&#8243;]<\/p>\n<p style=\"text-align: center;\"><span style=\"font-size: x-large; color: #0186a0;\"><strong>Formulaire de contact<\/strong><\/span><\/p>\n<p>[\/et_pb_text][et_pb_text _builder_version=&#8221;3.14&#8243; custom_margin=&#8221;|15px||&#8221;]<\/p>\n<p>N&#8217;h\u00e9sitez pas \u00e0 nous faire part de ce que vous pensez de notre site, de vos questionnements et \u00e0 nous sugg\u00e9rer de futures th\u00e9matiques pour de futurs articles !<\/p>\n<p>&nbsp;<\/p>\n<p>[\/et_pb_text][et_pb_contact_form email=&#8221;corecre.creat@gmail.com&#8221; success_message=&#8221;Votre message est envoy\u00e9 ! &#8221; module_id=&#8221;et_pb_contact_form_0&#8243; _builder_version=&#8221;3.14&#8243; custom_margin=&#8221;|15px||&#8221; custom_margin_last_edited=&#8221;on|desktop&#8221;][et_pb_contact_field field_id=&#8221;Name&#8221; field_title=&#8221;Nom&#8221; _builder_version=&#8221;3.0.87&#8243; border_radii=&#8221;on||||&#8221;][\/et_pb_contact_field][et_pb_contact_field field_id=&#8221;Email&#8221; field_title=&#8221;Adresse e-mail&#8221; field_type=&#8221;email&#8221; _builder_version=&#8221;3.0.87&#8243; border_radii=&#8221;on||||&#8221;][\/et_pb_contact_field][et_pb_contact_field field_id=&#8221;Message&#8221; field_title=&#8221;Message&#8221; field_type=&#8221;text&#8221; fullwidth_field=&#8221;on&#8221; _builder_version=&#8221;3.0.87&#8243; border_radii=&#8221;on||||&#8221;][\/et_pb_contact_field][\/et_pb_contact_form][\/et_pb_column_inner][\/et_pb_row_inner][\/et_pb_column][et_pb_column type=&#8221;1_2&#8243; _builder_version=&#8221;3.0.47&#8243; parallax=&#8221;off&#8221; parallax_method=&#8221;on&#8221;][et_pb_text _builder_version=&#8221;3.14&#8243;]<\/p>\n<p style=\"text-align: left;\"><span style=\"font-size: x-large; color: #6601a5;\"><strong>Formulaire d&#8217;inscription \u00e0 la newsletter<\/strong><\/span><\/p>\n<p>[\/et_pb_text][et_pb_code _builder_version=&#8221;3.14&#8243; background_color=&#8221;#7cda24&#8243; text_orientation=&#8221;center&#8221; max_width=&#8221;83%&#8221; custom_margin=&#8221;|||10px&#8221;]&lt;!&#8211; Begin Mailchimp Signup Form &#8211;&gt; &lt;link href=&quot;\/\/cdn-images.mailchimp.com\/embedcode\/classic-10_7.css&quot; rel=&quot;stylesheet&quot; type=&quot;text\/css&quot;&gt; &lt;style type=&quot;text\/css&quot;&gt; #mc_embed_signup{background:#fff; clear:left; font:14px Helvetica,Arial,sans-serif; } \/* Add your own Mailchimp form style overrides in your site stylesheet or in this style block. We recommend moving this block and the preceding CSS link to the HEAD of your HTML file. *\/ &lt;\/style&gt; &lt;div id=&quot;mc_embed_signup&quot;&gt; &lt;form action=&quot;https:\/\/mines-paristech.us17.list-manage.com\/subscribe\/post?u=2f8584d0c3d925622c16f81a4&amp;id=ee9ef13489&quot; method=&quot;post&quot; id=&quot;mc-embedded-subscribe-form&quot; name=&quot;mc-embedded-subscribe-form&quot; class=&quot;validate&quot; target=&quot;_blank&quot; novalidate&gt; &lt;div id=&quot;mc_embed_signup_scroll&quot;&gt; &lt;h2&gt;\u00a0&lt;strong&gt;&lt;font color=#210F57&gt;Informez-vous en vous inscrivant \u00e0 la newsletter du Journal Scientifique !&lt;\/font&gt;&lt;\/strong&gt;&lt;\/h2&gt;\u00a0&lt;div class=&quot;mc-field-group&quot;&gt; \u00a0\u00a0 &lt;center&gt;&lt;font color=#ADACB7&gt;&lt;label for=&quot;mce-EMAIL&quot;&gt;Adresse mail &lt;\/label&gt;&lt;\/font&gt;&lt;\/center&gt;\u00a0 &lt;input type=&quot;email&quot; value=&quot;&quot; name=&quot;EMAIL&quot; class=&quot;required email&quot; id=&quot;mce-EMAIL&quot;&gt; &lt;\/div&gt; &lt;div class=&quot;mc-field-group&quot;&gt; \u00a0\u00a0 &lt;center&gt;&lt;font color=#ADACB7&gt;&lt;label for=&quot;mce-FNAME&quot;&gt;Pr\u00e9nom &lt;\/label&gt;&lt;\/font&gt;&lt;\/center&gt; &lt;input type=&quot;text&quot; value=&quot;&quot; name=&quot;FNAME&quot; class=&quot;required&quot; id=&quot;mce-FNAME&quot;&gt; &lt;\/div&gt; &lt;div class=&quot;mc-field-group&quot;&gt; \u00a0\u00a0 &lt;center&gt;&lt;font color=#ADACB7&gt;&lt;label for=&quot;mce-LNAME&quot;&gt;Nom &lt;\/label&gt;&lt;\/font&gt;&lt;\/center&gt; &lt;input type=&quot;text&quot; value=&quot;&quot; name=&quot;LNAME&quot; class=&quot;required&quot; id=&quot;mce-LNAME&quot;&gt; &lt;\/div&gt; &lt;div class=&quot;mc-field-group&quot;&gt; \u00a0\u00a0 &lt;center&gt;&lt;font color=#ADACB7&gt;&lt;label for=&quot;mce-MMERGE4&quot;&gt;Vous \u00eates &lt;\/label&gt;&lt;\/font&gt;&lt;\/center&gt;\u00a0 &lt;select name=&quot;MMERGE4&quot; class=&quot;required&quot; id=&quot;mce-MMERGE4&quot;&gt; &lt;option value=&quot;&quot;&gt;&lt;\/option&gt; &lt;option value=&quot;professionnel de l&#039;enseignement&quot;&gt;professionnel de l&#039;enseignement&lt;\/option&gt; &lt;option value=&quot;professionnel de l&#039;enseignement sup\u00e9rieur&quot;&gt;professionnel de l&#039;enseignement sup\u00e9rieur&lt;\/option&gt; &lt;option value=&quot;Etudiant&quot;&gt;Etudiant&lt;\/option&gt; &lt;option value=&quot;Chercheur&quot;&gt;Chercheur&lt;\/option&gt; &lt;option value=&quot;Autre&quot;&gt;Autre&lt;\/option&gt; &lt;\/select&gt; &lt;\/div&gt; &lt;div id=&quot;mce-responses&quot; class=&quot;clear&quot;&gt; &lt;div class=&quot;response&quot; id=&quot;mce-error-response&quot; style=&quot;display:none&quot;&gt;&lt;\/div&gt; &lt;div class=&quot;response&quot; id=&quot;mce-success-response&quot; style=&quot;display:none&quot;&gt;&lt;\/div&gt; &lt;\/div&gt; &lt;!&#8211; real people should not fill this in and expect good things &#8211; do not remove this or risk form bot signups&#8211;&gt; &lt;div style=&quot;position: absolute; left: -5000px;&quot; aria-hidden=&quot;true&quot;&gt;&lt;input type=&quot;text&quot; name=&quot;b_2f8584d0c3d925622c16f81a4_ee9ef13489&quot; tabindex=&quot;-1&quot; value=&quot;&quot;&gt;&lt;\/div&gt; \u00a0&lt;center&gt;&lt;div class=&quot;clear&quot;&gt;&lt;input type=&quot;submit&quot; value=&quot;S&#039;inscrire&quot; name=&quot;subscribe&quot; id=&quot;mc-embedded-subscribe&quot; class=&quot;button&quot;&gt;&lt;\/div&gt;&lt;\/center&gt;\u00a0 &lt;\/div&gt; &lt;\/form&gt; &lt;\/div&gt; &lt;!&#8211;End mc_embed_signup&#8211;&gt;[\/et_pb_code][\/et_pb_column][\/et_pb_section]<\/p>\n","protected":false},"excerpt":{"rendered":"<p>[et_pb_section fb_built=&#8221;1&#8243; specialty=&#8221;on&#8221; _builder_version=&#8221;3.14&#8243;][et_pb_column type=&#8221;1_2&#8243; specialty_columns=&#8221;2&#8243; _builder_version=&#8221;3.0.47&#8243; parallax=&#8221;off&#8221; parallax_method=&#8221;on&#8221;][et_pb_row_inner _builder_version=&#8221;3.14&#8243; border_width_right=&#8221;1px&#8221;][et_pb_column_inner type=&#8221;4_4&#8243; saved_specialty_column_type=&#8221;1_2&#8243; _builder_version=&#8221;3.0.47&#8243; parallax=&#8221;off&#8221; parallax_method=&#8221;on&#8221;][et_pb_text _builder_version=&#8221;3.14&#8243;] Formulaire de contact [\/et_pb_text][et_pb_text _builder_version=&#8221;3.14&#8243; custom_margin=&#8221;|15px||&#8221;] N&#8217;h\u00e9sitez pas \u00e0 nous faire part de ce que vous pensez de notre site, de vos questionnements et \u00e0 nous sugg\u00e9rer de futures th\u00e9matiques pour de futurs articles ! &nbsp; [\/et_pb_text][et_pb_contact_form email=&#8221;corecre.creat@gmail.com&#8221; [&hellip;]<\/p>\n","protected":false},"author":1,"featured_media":0,"parent":0,"menu_order":0,"comment_status":"closed","ping_status":"closed","template":"","meta":{"_exactmetrics_skip_tracking":false,"_exactmetrics_sitenote_active":false,"_exactmetrics_sitenote_note":"","_exactmetrics_sitenote_category":0,"_monsterinsights_skip_tracking":false,"_monsterinsights_sitenote_active":false,"_monsterinsights_sitenote_note":"","_monsterinsights_sitenote_category":0,"footnotes":""},"categories":[],"tags":[],"class_list":["post-1863","page","type-page","status-publish","hentry"],"_links":{"self":[{"href":"https:\/\/www.association-corecre.com\/index.php\/wp-json\/wp\/v2\/pages\/1863","targetHints":{"allow":["GET"]}}],"collection":[{"href":"https:\/\/www.association-corecre.com\/index.php\/wp-json\/wp\/v2\/pages"}],"about":[{"href":"https:\/\/www.association-corecre.com\/index.php\/wp-json\/wp\/v2\/types\/page"}],"author":[{"embeddable":true,"href":"https:\/\/www.association-corecre.com\/index.php\/wp-json\/wp\/v2\/users\/1"}],"replies":[{"embeddable":true,"href":"https:\/\/www.association-corecre.com\/index.php\/wp-json\/wp\/v2\/comments?post=1863"}],"version-history":[{"count":19,"href":"https:\/\/www.association-corecre.com\/index.php\/wp-json\/wp\/v2\/pages\/1863\/revisions"}],"predecessor-version":[{"id":5144,"href":"https:\/\/www.association-corecre.com\/index.php\/wp-json\/wp\/v2\/pages\/1863\/revisions\/5144"}],"wp:attachment":[{"href":"https:\/\/www.association-corecre.com\/index.php\/wp-json\/wp\/v2\/media?parent=1863"}],"wp:term":[{"taxonomy":"category","embeddable":true,"href":"https:\/\/www.association-corecre.com\/index.php\/wp-json\/wp\/v2\/categories?post=1863"},{"taxonomy":"post_tag","embeddable":true,"href":"https:\/\/www.association-corecre.com\/index.php\/wp-json\/wp\/v2\/tags?post=1863"}],"curies":[{"name":"wp","href":"https:\/\/api.w.org\/{rel}","templated":true}]}}