{"id":1509,"date":"2020-07-25T07:01:15","date_gmt":"2020-07-25T05:01:15","guid":{"rendered":"http:\/\/anaellecamarda.com\/?page_id=1509"},"modified":"2022-09-18T14:37:57","modified_gmt":"2022-09-18T12:37:57","slug":"participer-aux-recherches","status":"publish","type":"page","link":"https:\/\/www.association-corecre.com\/index.php\/participer-aux-recherches\/","title":{"rendered":"Participer aux recherches"},"content":{"rendered":"<p>[et_pb_section fb_built=&#8221;1&#8243; admin_label=&#8221;section&#8221; _builder_version=&#8221;3.0.47&#8243; custom_padding=&#8221;10px|0px|0|0px|false|false&#8221;][et_pb_row custom_padding=&#8221;50px|0px|0|0px|false|false&#8221; _builder_version=&#8221;3.14&#8243;][et_pb_column type=&#8221;4_4&#8243; _builder_version=&#8221;3.14&#8243; parallax=&#8221;off&#8221; parallax_method=&#8221;on&#8221;][et_pb_text _builder_version=&#8221;3.14&#8243; inline_fonts=&#8221;Georgia&#8221;]<\/p>\n<h1 style=\"text-align: center;\"><span style=\"color: #008080; font-family: Georgia; font-size: x-large;\"><span style=\"caret-color: #0c0000;\"><b>Participez aux recherches du CoR\u00e9CR\u00c9 et des laboratoires associ\u00e9s<\/b><\/span><\/span><\/h1>\n<p>[\/et_pb_text][\/et_pb_column][\/et_pb_row][et_pb_row _builder_version=&#8221;3.14&#8243; custom_padding=&#8221;59px|0px|27px|0px|false|false&#8221;][et_pb_column type=&#8221;3_5&#8243; _builder_version=&#8221;3.14&#8243; parallax=&#8221;off&#8221; parallax_method=&#8221;on&#8221;][et_pb_text _builder_version=&#8221;3.14&#8243; inline_fonts=&#8221;Georgia&#8221;]<\/p>\n<p>La recherche scientifique est, en premier lieu, <strong>un ensemble d&#8217;actions entreprises en vue de produire et de d\u00e9velopper les connaissances scientifiques<\/strong>. Dans le cadre de l&#8217;\u00e9ducation, elle n\u00e9cessite une <strong>interaction interdisciplinaire<\/strong>, afin de permettre des \u00e9changes ainsi que l&#8217;\u00e9laboration de nouvelles connaissances qui permettent de consid\u00e9rer un enfant ou encore un syst\u00e8me \u00e9ducatif dans son ensemble.<\/p>\n<p>Pour cela, le CoReCR\u00c9 cherche a favoriser l&#8217;<strong>\u00e9mergence d&#8217;un collectif interdisciplinaire<\/strong>, qui travaillerait main dans la main pour faire avance les connaissances li\u00e9e au d\u00e9veloppement de l&#8217;enfant, et l&#8217;interaction entre sciences et \u00e9ducation.<\/p>\n<p>Bien \u00e9videmment, les recherches scientifiques appliqu\u00e9es n\u00e9cessitent un \u00e9cosyst\u00e8me particulier, la plupart du temps impliquant des financements. Le CoReCR\u00c9 ne dispose pas de fond lui permettant de financer directement des projets. En revanche, en tant qu&#8217;association, elle favorise les r\u00e9ponses \u00e0 diff\u00e9rents appels \u00e0 projets.<\/p>\n<p>[\/et_pb_text][\/et_pb_column][et_pb_column type=&#8221;2_5&#8243; _builder_version=&#8221;3.14&#8243; parallax=&#8221;off&#8221; parallax_method=&#8221;on&#8221;][et_pb_image src=&#8221;http:\/\/www.association-corecre.com\/wp-content\/uploads\/2022\/09\/Capture-decran-2022-09-18-a-12.51.29.png&#8221; _builder_version=&#8221;3.14&#8243;][\/et_pb_image][\/et_pb_column][\/et_pb_row][et_pb_row custom_padding=&#8221;49px|0px|3px|0px|false|false&#8221; _builder_version=&#8221;3.14&#8243;][et_pb_column type=&#8221;4_4&#8243; _builder_version=&#8221;3.14&#8243; parallax=&#8221;off&#8221; parallax_method=&#8221;on&#8221;][et_pb_divider color=&#8221;#000000&#8243; divider_style=&#8221;dashed&#8221; _builder_version=&#8221;3.14&#8243;][\/et_pb_divider][\/et_pb_column][\/et_pb_row][et_pb_row custom_padding=&#8221;13px|0px|16px|0px|false|false&#8221; _builder_version=&#8221;3.14&#8243;][et_pb_column type=&#8221;1_4&#8243; _builder_version=&#8221;3.14&#8243; parallax=&#8221;off&#8221; parallax_method=&#8221;on&#8221;][et_pb_button button_text=&#8221;Quelles sont les probl\u00e9matiques de recherche du CoReCR\u00c9 ?&#8221; button_alignment=&#8221;center&#8221; _builder_version=&#8221;3.14&#8243; custom_button=&#8221;on&#8221; button_text_size=&#8221;18px&#8221; button_text_color=&#8221;#000000&#8243; button_border_width=&#8221;1px&#8221; button_border_color=&#8221;#c9c9c9&#8243; button_border_radius=&#8221;27px&#8221; button_font=&#8221;|700|||||||&#8221; button_text_color_hover=&#8221;#000000&#8243; button_bg_color_hover=&#8221;rgba(0,172,206,0.42)&#8221; button_text_size_last_edited=&#8221;on|desktop&#8221;][\/et_pb_button][\/et_pb_column][et_pb_column type=&#8221;3_4&#8243; _builder_version=&#8221;3.14&#8243; parallax=&#8221;off&#8221; parallax_method=&#8221;on&#8221;][et_pb_text _builder_version=&#8221;3.14&#8243; inline_fonts=&#8221;Georgia&#8221;]Les probl\u00e9matiques de recherche des programmes soutenus au sein du CoReCR\u00c9 peuvent \u00eatre tr\u00e8s diff\u00e9rentes les unes des autres. Toutefois, elles n<strong>e peuvent \u00eatre port\u00e9es que par un chercheur sp\u00e9cialiste du domaine en question<\/strong>.<\/p>\n<p>Ainsi, un programme de recherche sur la cr\u00e9ativit\u00e9 ne pourra \u00eatre port\u00e9 que par un chercheur sp\u00e9cialiste de la psychologie de la cr\u00e9ativit\u00e9 !<\/p>\n<p>Plus le r\u00e9seau du CoReCR\u00c9 sera grand, plus il sera possible de d\u00e9velopper de nombreux programmes \u00e0 propos de sujets divers. Donc n&#8217;h\u00e9sitez pas \u00e0 parler de l&#8217;association \u00e0 des chercheurs qui ne la connaissent pas encore !<\/p>\n<p>Pour en savoir davantage \u00e0 propos des diverses th\u00e9matiques d\u00e9j\u00e0 existantes au sein de l&#8217;association, contactez nous !<br \/>\n[\/et_pb_text][\/et_pb_column][\/et_pb_row][et_pb_row custom_padding=&#8221;37px|0px|3px|0px|false|false&#8221; _builder_version=&#8221;3.14&#8243;][et_pb_column type=&#8221;4_4&#8243; _builder_version=&#8221;3.14&#8243; parallax=&#8221;off&#8221; parallax_method=&#8221;on&#8221;][et_pb_divider color=&#8221;#1692a3&#8243; divider_style=&#8221;dashed&#8221; _builder_version=&#8221;3.14&#8243;][\/et_pb_divider][\/et_pb_column][\/et_pb_row][et_pb_row custom_padding=&#8221;13px|0px|27px|0px|false|false&#8221; _builder_version=&#8221;3.14&#8243;][et_pb_column type=&#8221;1_4&#8243; _builder_version=&#8221;3.14&#8243; parallax=&#8221;off&#8221; parallax_method=&#8221;on&#8221;][et_pb_button button_text=&#8221;Qui peut participer aux recherches ?&#8221; button_alignment=&#8221;center&#8221; _builder_version=&#8221;3.14&#8243; custom_button=&#8221;on&#8221; button_text_size=&#8221;18px&#8221; button_text_color=&#8221;#0c6270&#8243; button_border_width=&#8221;1px&#8221; button_border_color=&#8221;#c9c9c9&#8243; button_border_radius=&#8221;27px&#8221; button_font=&#8221;|700|||||||&#8221; button_text_color_hover=&#8221;#000000&#8243; button_bg_color_hover=&#8221;rgba(0,172,206,0.42)&#8221; button_text_size_last_edited=&#8221;on|desktop&#8221;][\/et_pb_button][\/et_pb_column][et_pb_column type=&#8221;3_4&#8243; _builder_version=&#8221;3.14&#8243; parallax=&#8221;off&#8221; parallax_method=&#8221;on&#8221;][et_pb_text _builder_version=&#8221;3.14&#8243; inline_fonts=&#8221;Georgia&#8221;]Tout le monde !<\/p>\n<p>Que vous fassiez partie d&#8217;une \u00e9quipe p\u00e9dagogique, que vous soyiez chercheur ou encore une entreprise, vous pouvez participer \u00e0 la mise en place d&#8217;un nouveau programme ou bien \u00e0 des programmes de recherche d\u00e9j\u00e0 lanc\u00e9s !<br \/>\n[\/et_pb_text][\/et_pb_column][\/et_pb_row][et_pb_row custom_padding=&#8221;27px|0px|3px|0px|false|false&#8221; _builder_version=&#8221;3.14&#8243;][et_pb_column type=&#8221;4_4&#8243; _builder_version=&#8221;3.14&#8243; parallax=&#8221;off&#8221; parallax_method=&#8221;on&#8221;][et_pb_divider color=&#8221;#1692a3&#8243; divider_style=&#8221;dashed&#8221; _builder_version=&#8221;3.14&#8243;][\/et_pb_divider][\/et_pb_column][\/et_pb_row][et_pb_row custom_padding=&#8221;27px|0px|15px|0px|false|false&#8221; _builder_version=&#8221;3.14&#8243;][et_pb_column type=&#8221;1_4&#8243; _builder_version=&#8221;3.14&#8243; parallax=&#8221;off&#8221; parallax_method=&#8221;on&#8221;][et_pb_button button_text=&#8221;Je souhaite m&#8217;investir dans des projets recherches, comment faire ?&#8221; button_alignment=&#8221;center&#8221; _builder_version=&#8221;3.14&#8243; custom_button=&#8221;on&#8221; button_text_size=&#8221;18px&#8221; button_text_color=&#8221;#099b94&#8243; button_border_width=&#8221;1px&#8221; button_border_color=&#8221;#c9c9c9&#8243; button_border_radius=&#8221;27px&#8221; button_font=&#8221;|700|||||||&#8221; button_text_color_hover=&#8221;#000000&#8243; button_bg_color_hover=&#8221;rgba(0,172,206,0.42)&#8221; button_text_size_last_edited=&#8221;on|desktop&#8221;][\/et_pb_button][\/et_pb_column][et_pb_column type=&#8221;3_4&#8243; _builder_version=&#8221;3.14&#8243; parallax=&#8221;off&#8221; parallax_method=&#8221;on&#8221;][et_pb_text _builder_version=&#8221;3.14&#8243; inline_fonts=&#8221;Georgia&#8221;]Plusieurs options s&#8217;offrent \u00e0 vous :<\/p>\n<ol>\n<li><strong>Vous souhaitez \u00eatre \u00e0 l&#8217;origine d&#8217;un nouveau programme de recherche<\/strong> (se r\u00e9f\u00e9rer au point ci-dessous).<\/li>\n<li><span style=\"font-size: 14px;\"><strong>Vous souhaitez vous greffer \u00e0 un programme de recherche d\u00e9j\u00e0 existant<\/strong> : Dans ce cas, vous pouvez contacter directement le porteur du projet qui vous int\u00e9resse, ou bien nous contacter afin que nous vous mettions en relation avec un\/des chercheurs qui travaillent sur la th\u00e9matique qui vous int\u00e9resse.<\/span><\/li>\n<li><span style=\"font-size: 14px;\"><strong>Vous souhaitez simplement participer \u00e0 des \u00e9changes<\/strong> : En devenant membre de l&#8217;association, vous pourrez participer \u00e0 des moments d&#8217;\u00e9changes conviviaux tels que les &#8220;Caf\u00e9s du labo \u00e0 l&#8217;\u00e9cole&#8221; ou encore les r\u00e9unions du CoReCR\u00c9, vous aurez davantage de contenus au sein du blog de diffusion scientifique, et vous pourrez participer aux commissions conjoncturelles dont l&#8217;enjeu sera de r\u00e9pondre \u00e0 une probl\u00e9matique d\u00e9finie.<\/span><\/li>\n<\/ol>\n<p>[\/et_pb_text][\/et_pb_column][\/et_pb_row][et_pb_row custom_padding=&#8221;27px|0px|3px|0px|false|false&#8221; _builder_version=&#8221;3.14&#8243;][et_pb_column type=&#8221;4_4&#8243; _builder_version=&#8221;3.14&#8243; parallax=&#8221;off&#8221; parallax_method=&#8221;on&#8221;][et_pb_divider color=&#8221;#1692a3&#8243; divider_style=&#8221;dashed&#8221; _builder_version=&#8221;3.14&#8243;][\/et_pb_divider][\/et_pb_column][\/et_pb_row][et_pb_row custom_padding=&#8221;27px|0px|15px|0px|false|false&#8221; _builder_version=&#8221;3.14&#8243;][et_pb_column type=&#8221;1_4&#8243; _builder_version=&#8221;3.14&#8243; parallax=&#8221;off&#8221; parallax_method=&#8221;on&#8221;][et_pb_button button_text=&#8221;Qui peut \u00eatre \u00e0 l&#8217;origine d&#8217;un programme de recherche soutenu par le CoReCR\u00c9 ? &#8221; button_alignment=&#8221;center&#8221; _builder_version=&#8221;3.14&#8243; custom_button=&#8221;on&#8221; button_text_size=&#8221;18px&#8221; button_text_color=&#8221;#4099b7&#8243; button_border_width=&#8221;1px&#8221; button_border_color=&#8221;#c9c9c9&#8243; button_border_radius=&#8221;27px&#8221; button_font=&#8221;|700|||||||&#8221; button_text_color_hover=&#8221;#000000&#8243; button_bg_color_hover=&#8221;rgba(0,172,206,0.42)&#8221; button_text_size_last_edited=&#8221;on|desktop&#8221;][\/et_pb_button][\/et_pb_column][et_pb_column type=&#8221;3_4&#8243; _builder_version=&#8221;3.14&#8243; parallax=&#8221;off&#8221; parallax_method=&#8221;on&#8221;][et_pb_text _builder_version=&#8221;3.14&#8243; inline_fonts=&#8221;Georgia&#8221;]Tout le monde peut \u00eatre \u00e0 l&#8217;origine d&#8217;un programme de recherche.<\/p>\n<p>Malgr\u00e9 tout, l<span style=\"font-size: 14px;\">e CoReCR\u00c9 tient \u00e0 ce que les programmes de recherches soutenus par l&#8217;association ou \u00e9mergents au sein de l&#8217;association, aient une <\/span><strong style=\"font-size: 14px;\">nature scientifique<\/strong><span style=\"font-size: 14px;\">. Ainsi, ils doivent faire appel \u00e0 des m\u00e9thodes d&#8217;exp\u00e9rimentation et \/ ou d&#8217;analyses rigoureuses, et doivent pouvoir faire l&#8217;objet d&#8217;\u00e9ventuelles valorisations au sein de la communaut\u00e9 scientifique.<\/span><\/p>\n<p>C&#8217;est pourquoi un porteur de projet, c&#8217;est \u00e0 dire la personne garante de la validit\u00e9 scientifique de l&#8217;\u00e9tude, ne peut \u00eatre qu&#8217;un expert de la recherche scientifique et du domaine de recherche questionn\u00e9 par le programme de recherche en question. Bien s\u00fbr, il est tout \u00e0 fait possible qu&#8217;un <strong>bin\u00f4me<\/strong>\u00a0propose un projet. Dans ce cas, l&#8217;un des deux membres du bin\u00f4me doit \u00eatre un chercheur.<\/p>\n<p>Attention pour \u00eatre porteur d&#8217;un projet, le chercheur doit \u00eatre lui m\u00eame membre du CoReCR\u00c9, et faire partie d&#8217;un laboratoire\u00a0<strong>partenaire<\/strong> de l&#8217;association !<br \/>\n[\/et_pb_text][\/et_pb_column][\/et_pb_row][et_pb_row custom_padding=&#8221;27px|0px|3px|0px|false|false&#8221; _builder_version=&#8221;3.14&#8243;][et_pb_column type=&#8221;4_4&#8243; _builder_version=&#8221;3.14&#8243; parallax=&#8221;off&#8221; parallax_method=&#8221;on&#8221;][et_pb_divider color=&#8221;#1692a3&#8243; divider_style=&#8221;dashed&#8221; _builder_version=&#8221;3.14&#8243;][\/et_pb_divider][\/et_pb_column][\/et_pb_row][et_pb_row custom_padding=&#8221;27px|0px|15px|0px|false|false&#8221; _builder_version=&#8221;3.14&#8243;][et_pb_column type=&#8221;1_4&#8243; _builder_version=&#8221;3.14&#8243; parallax=&#8221;off&#8221; parallax_method=&#8221;on&#8221;][et_pb_button button_text=&#8221;Vous souhaitez participer au financement des programmes de recherche&#8221; button_alignment=&#8221;center&#8221; _builder_version=&#8221;3.14&#8243; custom_button=&#8221;on&#8221; button_text_size=&#8221;18px&#8221; button_text_color=&#8221;#7c69ad&#8221; button_border_width=&#8221;1px&#8221; button_border_color=&#8221;#c9c9c9&#8243; button_border_radius=&#8221;27px&#8221; button_font=&#8221;|700|||||||&#8221; button_text_color_hover=&#8221;#000000&#8243; button_bg_color_hover=&#8221;rgba(0,172,206,0.42)&#8221; button_text_size_last_edited=&#8221;on|desktop&#8221;][\/et_pb_button][\/et_pb_column][et_pb_column type=&#8221;3_4&#8243; _builder_version=&#8221;3.14&#8243; parallax=&#8221;off&#8221; parallax_method=&#8221;on&#8221;][et_pb_text _builder_version=&#8221;3.14&#8243; inline_fonts=&#8221;Georgia&#8221;]Vous l&#8217;aurez compris, obtenir des financements est le nerf de la guerre de la recherche.<\/p>\n<p>Vous pouvez participer au financement de nos programmes de recherche de diff\u00e9rentes mani\u00e8res:<\/p>\n<ol>\n<li>En faisant <strong>un don<\/strong>\u00a0manuel \u00e0 l&#8217;association,<\/li>\n<li>En devenant <strong>membre bienfaiteur<\/strong> de l&#8217;association,<\/li>\n<li>En proposant du <strong>m\u00e9c\u00e9nat<\/strong><\/li>\n<\/ol>\n<p>[\/et_pb_text][\/et_pb_column][\/et_pb_row][et_pb_row custom_padding=&#8221;27px|0px|3px|0px|false|false&#8221; _builder_version=&#8221;3.14&#8243;][et_pb_column type=&#8221;4_4&#8243; _builder_version=&#8221;3.14&#8243; parallax=&#8221;off&#8221; parallax_method=&#8221;on&#8221;][et_pb_divider color=&#8221;#1692a3&#8243; divider_style=&#8221;dashed&#8221; _builder_version=&#8221;3.14&#8243;][\/et_pb_divider][\/et_pb_column][\/et_pb_row][et_pb_row custom_padding=&#8221;25.390625px|0px|62px|0px|false|false&#8221; _builder_version=&#8221;3.14&#8243;][et_pb_column type=&#8221;4_4&#8243; _builder_version=&#8221;3.14&#8243; parallax=&#8221;off&#8221; parallax_method=&#8221;on&#8221;][et_pb_text _builder_version=&#8221;3.14&#8243;]<\/p>\n<p style=\"text-align: center;\">Pour plus d&#8217;informations, n&#8217;h\u00e9sitez pas \u00e0 <strong><a href=\"http:\/\/www.association-corecre.com\/index.php\/contact-31-aout\/\">nous contacter !<\/a><\/strong><\/p>\n<p>[\/et_pb_text][\/et_pb_column][\/et_pb_row][\/et_pb_section]<\/p>\n","protected":false},"excerpt":{"rendered":"<p>[et_pb_section fb_built=&#8221;1&#8243; admin_label=&#8221;section&#8221; _builder_version=&#8221;3.0.47&#8243; custom_padding=&#8221;10px|0px|0|0px|false|false&#8221;][et_pb_row custom_padding=&#8221;50px|0px|0|0px|false|false&#8221; _builder_version=&#8221;3.14&#8243;][et_pb_column type=&#8221;4_4&#8243; _builder_version=&#8221;3.14&#8243; parallax=&#8221;off&#8221; parallax_method=&#8221;on&#8221;][et_pb_text _builder_version=&#8221;3.14&#8243; inline_fonts=&#8221;Georgia&#8221;] Participez aux recherches du CoR\u00e9CR\u00c9 et des laboratoires associ\u00e9s [\/et_pb_text][\/et_pb_column][\/et_pb_row][et_pb_row _builder_version=&#8221;3.14&#8243; custom_padding=&#8221;59px|0px|27px|0px|false|false&#8221;][et_pb_column type=&#8221;3_5&#8243; _builder_version=&#8221;3.14&#8243; parallax=&#8221;off&#8221; parallax_method=&#8221;on&#8221;][et_pb_text _builder_version=&#8221;3.14&#8243; inline_fonts=&#8221;Georgia&#8221;] La recherche scientifique est, en premier lieu, un ensemble d&#8217;actions entreprises en vue de produire et de d\u00e9velopper les connaissances scientifiques. Dans le cadre [&hellip;]<\/p>\n","protected":false},"author":1,"featured_media":0,"parent":0,"menu_order":0,"comment_status":"closed","ping_status":"closed","template":"","meta":{"_exactmetrics_skip_tracking":false,"_exactmetrics_sitenote_active":false,"_exactmetrics_sitenote_note":"","_exactmetrics_sitenote_category":0,"_monsterinsights_skip_tracking":false,"_monsterinsights_sitenote_active":false,"_monsterinsights_sitenote_note":"","_monsterinsights_sitenote_category":0,"footnotes":""},"categories":[],"tags":[],"class_list":["post-1509","page","type-page","status-publish","hentry"],"_links":{"self":[{"href":"https:\/\/www.association-corecre.com\/index.php\/wp-json\/wp\/v2\/pages\/1509","targetHints":{"allow":["GET"]}}],"collection":[{"href":"https:\/\/www.association-corecre.com\/index.php\/wp-json\/wp\/v2\/pages"}],"about":[{"href":"https:\/\/www.association-corecre.com\/index.php\/wp-json\/wp\/v2\/types\/page"}],"author":[{"embeddable":true,"href":"https:\/\/www.association-corecre.com\/index.php\/wp-json\/wp\/v2\/users\/1"}],"replies":[{"embeddable":true,"href":"https:\/\/www.association-corecre.com\/index.php\/wp-json\/wp\/v2\/comments?post=1509"}],"version-history":[{"count":37,"href":"https:\/\/www.association-corecre.com\/index.php\/wp-json\/wp\/v2\/pages\/1509\/revisions"}],"predecessor-version":[{"id":5041,"href":"https:\/\/www.association-corecre.com\/index.php\/wp-json\/wp\/v2\/pages\/1509\/revisions\/5041"}],"wp:attachment":[{"href":"https:\/\/www.association-corecre.com\/index.php\/wp-json\/wp\/v2\/media?parent=1509"}],"wp:term":[{"taxonomy":"category","embeddable":true,"href":"https:\/\/www.association-corecre.com\/index.php\/wp-json\/wp\/v2\/categories?post=1509"},{"taxonomy":"post_tag","embeddable":true,"href":"https:\/\/www.association-corecre.com\/index.php\/wp-json\/wp\/v2\/tags?post=1509"}],"curies":[{"name":"wp","href":"https:\/\/api.w.org\/{rel}","templated":true}]}}